{"id":8669,"date":"2023-03-28T09:12:03","date_gmt":"2023-03-28T08:12:03","guid":{"rendered":"https:\/\/eduvic.dev.madsys.com\/itinere23\/politica-privacitat\/"},"modified":"2025-09-18T18:56:55","modified_gmt":"2025-09-18T17:56:55","slug":"politica-privacidad","status":"publish","type":"page","link":"https:\/\/itinere.eduvic.coop\/es\/politica-privacidad\/","title":{"rendered":"Pol\u00edtica de Privacidad"},"content":{"rendered":"<div class=\"wpb-content-wrapper\"><p>[vc_row][vc_column][vc_empty_space height=&#8221;64px&#8221;][vc_column_text css=&#8221;&#8221;]<\/p>\n<h1>Pol\u00edtica de Privacidad<\/h1>\n<p>Se informa a los usuarios de la p\u00e1gina web, en cumplimiento de la legislaci\u00f3n vigente en materia de protecci\u00f3n de datos de car\u00e1cter personal y de la Ley de Servicios de la Informaci\u00f3n y Comercio Electr\u00f3nico, sobre la pol\u00edtica de privacidad y protecci\u00f3n de datos de car\u00e1cter personal con la finalidad que \u00e9stos deciden de forma expresa, libre y voluntaria si desean facilitar a EDUVIC SCCL los datos personales solicitados en la p\u00e1gina web.<\/p>\n<p>En EDUVIC hemos adoptado los niveles de seguridad de protecci\u00f3n de los datos personales exigidos en la legislaci\u00f3n vigente de protecci\u00f3n de datos, instalando las medidas t\u00e9cnicas y organizativas necesarias para evitar la p\u00e9rdida, mal uso, alteraci\u00f3n, acceso no autorizado y otros riesgos posibles. Asimismo, EDUVIC se obliga a cumplir la obligaci\u00f3n de secreto respecto a los datos personales que trata, establecida en la legislaci\u00f3n de protecci\u00f3n de datos aplicable.<\/p>\n<p>Los datos facilitados por el interesado a EDUVIC SCCL a trav\u00e9s de los diferentes formularios en papel o web, tendr\u00e1n que ser datos ver\u00eddicos, exactos y actualizados.<\/p>\n<p>Para cumplir la legislaci\u00f3n vigente en materia de protecci\u00f3n de datos personales ponemos a disposici\u00f3n de los interesados que contactan v\u00eda web o reciben newsletters la siguiente informaci\u00f3n:<\/p>\n<p><strong>Qui\u00e9n es el responsable del tratamiento de sus datos?<\/strong><\/p>\n<ul>\n<li>Raz\u00f3n: EDUVIC SCCL<\/li>\n<li>Nombre comercial: EDUVIC y ESCOLA ITINERE<\/li>\n<li>NIF: F60709896<\/li>\n<li>Direcci\u00f3n: C\/ Castelao, 124 Local, de l\u2019Hospitalet de Llobregat (08902)<\/li>\n<li>Tel\u00e9fono: 933320012<\/li>\n<li>Correo electr\u00f3nico EDUVIC: eduvic@eduvic.coop<\/li>\n<li>Correo electr\u00f3nico Escuela Itinere: escolaitinere@eduvic.coop<\/li>\n<\/ul>\n<p><strong>Con qu\u00e9 finalidad tratamos sus datos personales?<\/strong><\/p>\n<p>A EDUVIC SCCL tratamos sus datos de contacto con las siguientes finalidades, en funci\u00f3n del motivo por el cual nos las haya facilitado:<\/p>\n<ol>\n<li>Gestionar datos facilitados directamente por el propio interesado, para informar mediante newsletters de nuestros servicios y actividades incluyendo, cuando corresponde, las actividades asociadas en la Escuela Itinere.<\/li>\n<li>Dar respuesta a la solicitud, petici\u00f3n o consulta realizada por el propio interesado y hacer un seguimiento posterior.<\/li>\n<\/ol>\n<p><strong>\u00bfPor cu\u00e1nto tiempo conservaremos sus datos?<\/strong><\/p>\n<ul>\n<li>Los datos para el env\u00edo de Newsletters ser\u00e1n conservadas indefinidamente hasta que, si es el caso, nos manifiesten su voluntad de suprimirlos (opci\u00f3n incluida en cada una de las newsletters).<\/li>\n<li>Los datos asociados a una solicitud, petici\u00f3n o consulta se conservar\u00e1n mientras la misma no est\u00e9 totalmente completa. Un vez totalmente resuelta la solicitud, se conservar\u00e1n los datos por un m\u00e1ximo de dos a\u00f1os.<\/li>\n<\/ul>\n<p><strong>\u00bfCu\u00e1l es la legitimaci\u00f3n para el tratamiento de sus datos?<\/strong><\/p>\n<ul>\n<li>La base del env\u00edo de newsletters a personas de nuestros grupos de inter\u00e9s se basa en la satisfacci\u00f3n del inter\u00e9s leg\u00edtimo empresarial consistente en poder ofrecer a estos grupos de inter\u00e9s informaci\u00f3n sobre la actividad de la organizaci\u00f3n. Adem\u00e1s, para nuevas personas de contacto, desde mayo de 2018 se basa en el consentimiento expreso que se solicita, y puede ser revocado en cualquier momento. La retirada de este consentimiento no afectar\u00e1 en ning\u00fan caso a la ejecuci\u00f3n de ning\u00fan contrato, pero los tratamientos de datos con cuyo objeto efectuados con anterioridad no perder\u00e1n su licitud por el hecho que el consentimiento se haya revocado.<\/li>\n<li>La base para la respuesta a solicitudes es el inter\u00e9s leg\u00edtimo empresarial de ofrecer apoyo a las personas de sus grupos de inter\u00e9s.<\/li>\n<\/ul>\n<p><strong>A qu\u00e9 destinatarios se comunicar\u00e1n sus datos?<\/strong><\/p>\n<p>No se ceder\u00e1n datos a terceros.<\/p>\n<p><strong>\u00bfTransferencias de datos a terceros pa\u00edses?<\/strong><\/p>\n<p>Los datos para el env\u00edo de Newsletters se gestionan mediante MailChimp. MailChimp se va autocertificar por el EU-Uno.S. Privacy Shield y el Swiss-Uno.S. Privacy ShieldRegimen y transfiere legalmente datos personales de UE \/ EEE a los EE. UU. en conformidad con el certificado de escudo de privacidad.<\/p>\n<p>No se realizan otras transferencias de datos a terceros pa\u00edses para las solicitudes.<\/p>\n<p><strong>\u00bfCu\u00e1les son sus derechos cuando nos facilita su<\/strong><strong>s datos?<\/strong><\/p>\n<ul>\n<li>Cualquier persona tiene derecho a obtener confirmaci\u00f3n sobre s\u00ed a EDUVIC SCCL estamos tratando datos personales que los conciernan, o no.<\/li>\n<li>Las personas interesadas tienen derecho a acceder a sus datos personales, as\u00ed como a solicitar la rectificaci\u00f3n de los datos inexactos o, si es el caso, solicitar su supresi\u00f3n cuando, entre otros motivos, los datos ya no sean necesarios para los fines para los que fueron recogidas.<\/li>\n<li>En determinadas circunstancias, los interesados podr\u00e1n solicitar la limitaci\u00f3n del tratamiento de sus datos o su portabilidad, en este caso \u00fanicamente las conservaremos para el ejercicio o la defensa de reclamaciones.<\/li>\n<\/ul>\n<p><strong>Usted podr\u00e1 ejercer materialmente sus derechos de la siguiente manera:<\/strong><\/p>\n<p>\u2013 Por correo electr\u00f3nico adjuntando copia de su DNI a: eduvic@eduvic.coop.<\/p>\n<p>\u2013 En la direcci\u00f3n de correo electr\u00f3nico indicada le ofreceremos los formularios correspondientes para ejercitar materialmente estos derechos.<\/p>\n<ul>\n<li>Si ha otorgado su consentimiento para alguna finalidad concreta, tiene derecho a retirar el consentimiento otorgado en cualquier momento, sin que esto afecte la licitud del tratamiento basado en su consentimiento previo a su retirada.<\/li>\n<li>En el supuesto de que considere vulnerados sus derechos en cuanto a la protecci\u00f3n de sus datos personales, especialmente cuando no haya obtenido satisfacci\u00f3n en el ejercicio de sus derechos, puede presentar una reclamaci\u00f3n ante la Autoridad de Control en materia de protecci\u00f3n de datos competente a trav\u00e9s de su sitio web: www.agpd.es.<\/li>\n<\/ul>\n<p><strong>\u00bfC\u00f3mo hemos obtenido sus datos?<\/strong><\/p>\n<ul>\n<li>Los datos personales que tratamos a EDUVIC SCCL proceden de los propios interesados o su representante legal, v\u00eda web o mediante formulario web o formulario en apoyo papel.<\/li>\n<li>Le recordamos que no se tienen que facilitar datos de terceros salvo que se tenga autorizaci\u00f3n de estos y se les haya informado previamente.<\/li>\n<li>No se tratan categor\u00edas especiales de datos personales (son aquellos datos que revelan el origen \u00e9tnico o racial, las opiniones pol\u00edticas, las convicciones religiosas o filos\u00f3ficas, o la afiliaci\u00f3n sindical, datos gen\u00e9ticos, datos biom\u00e9tricos dirigidos a identificar de manera un\u00edvoca a una persona f\u00edsica, datos relativos a la salud o datos relativos a la vida sexual o qu\u00e9 es la orientaci\u00f3n sexual de una persona f\u00edsica).<\/li>\n<\/ul>\n<p>EDUVIC Todos los derechos reservados.[\/vc_column_text][\/vc_column][\/vc_row]<\/p>\n<\/div>","protected":false},"excerpt":{"rendered":"<p>[vc_row][vc_column][vc_empty_space height=&#8221;64px&#8221;][vc_column_text css=&#8221;&#8221;] Pol\u00edtica de Privacidad Se informa a los usuarios de la p\u00e1gina web, en cumplimiento de la legislaci\u00f3n vigente en materia de protecci\u00f3n de datos de car\u00e1cter personal y de la Ley de Servicios de la Informaci\u00f3n y Comercio Electr\u00f3nico, sobre la pol\u00edtica de privacidad y protecci\u00f3n de datos de car\u00e1cter personal con la finalidad que \u00e9stos deciden &#8230; <\/p>\n<p class=\"read-more-container\"><a title=\"Pol\u00edtica de Privacidad\" class=\"read-more button\" href=\"https:\/\/itinere.eduvic.coop\/es\/politica-privacidad\/#more-8669\" aria-label=\"Leer m\u00e1s sobre Pol\u00edtica de Privacidad\">Llegir m\u00e9s<\/a><\/p>\n","protected":false},"author":4,"featured_media":0,"parent":0,"menu_order":0,"comment_status":"closed","ping_status":"closed","template":"","meta":{"_acf_changed":false,"footnotes":""},"class_list":{"0":"post-8669","1":"page","2":"type-page","3":"status-publish","5":"infinite-scroll-item"},"acf":[],"yoast_head":"<!-- This site is optimized with the Yoast SEO plugin v27.2 - https:\/\/yoast.com\/product\/yoast-seo-wordpress\/ -->\n<title>Pol\u00edtica de Privacidad - EDUVIC \u00b7 Itinere<\/title>\n<meta name=\"description\" content=\"Consulta la Pol\u00edtica de Privacidad de EDUVIC \u00b7 Itinere. Explicamos c\u00f3mo protegemos tus datos personales y garantizamos un uso seguro y transparente de la informaci\u00f3n.\" \/>\n<meta name=\"robots\" content=\"noindex, follow\" \/>\n<meta property=\"og:locale\" content=\"es_ES\" \/>\n<meta property=\"og:type\" content=\"article\" \/>\n<meta property=\"og:title\" content=\"Pol\u00edtica de Privacidad - EDUVIC \u00b7 Itinere\" \/>\n<meta property=\"og:description\" content=\"Consulta la Pol\u00edtica de Privacidad de EDUVIC \u00b7 Itinere. Explicamos c\u00f3mo protegemos tus datos personales y garantizamos un uso seguro y transparente de la informaci\u00f3n.\" \/>\n<meta property=\"og:url\" content=\"https:\/\/itinere.eduvic.coop\/es\/politica-privacidad\/\" \/>\n<meta property=\"og:site_name\" content=\"EDUVIC \u00b7 Itinere\" \/>\n<meta property=\"article:modified_time\" content=\"2025-09-18T17:56:55+00:00\" \/>\n<meta name=\"twitter:card\" content=\"summary_large_image\" \/>\n<meta name=\"twitter:label1\" content=\"Tiempo de lectura\" \/>\n\t<meta name=\"twitter:data1\" content=\"6 minutos\" \/>\n<script type=\"application\/ld+json\" class=\"yoast-schema-graph\">{\"@context\":\"https:\/\/schema.org\",\"@graph\":[{\"@type\":\"WebPage\",\"@id\":\"https:\/\/itinere.eduvic.coop\/es\/politica-privacidad\/\",\"url\":\"https:\/\/itinere.eduvic.coop\/es\/politica-privacidad\/\",\"name\":\"Pol\u00edtica de Privacidad - EDUVIC \u00b7 Itinere\",\"isPartOf\":{\"@id\":\"https:\/\/itinere.eduvic.coop\/es\/#website\"},\"datePublished\":\"2023-03-28T08:12:03+00:00\",\"dateModified\":\"2025-09-18T17:56:55+00:00\",\"description\":\"Consulta la Pol\u00edtica de Privacidad de EDUVIC \u00b7 Itinere. Explicamos c\u00f3mo protegemos tus datos personales y garantizamos un uso seguro y transparente de la informaci\u00f3n.\",\"breadcrumb\":{\"@id\":\"https:\/\/itinere.eduvic.coop\/es\/politica-privacidad\/#breadcrumb\"},\"inLanguage\":\"es\",\"potentialAction\":[{\"@type\":\"ReadAction\",\"target\":[\"https:\/\/itinere.eduvic.coop\/es\/politica-privacidad\/\"]}]},{\"@type\":\"BreadcrumbList\",\"@id\":\"https:\/\/itinere.eduvic.coop\/es\/politica-privacidad\/#breadcrumb\",\"itemListElement\":[{\"@type\":\"ListItem\",\"position\":1,\"name\":\"Inici\",\"item\":\"https:\/\/itinere.eduvic.coop\/es\/\"},{\"@type\":\"ListItem\",\"position\":2,\"name\":\"Pol\u00edtica de Privacidad\"}]},{\"@type\":\"WebSite\",\"@id\":\"https:\/\/itinere.eduvic.coop\/es\/#website\",\"url\":\"https:\/\/itinere.eduvic.coop\/es\/\",\"name\":\"EDUVIC \u00b7 Itinere\",\"description\":\"\",\"publisher\":{\"@id\":\"https:\/\/itinere.eduvic.coop\/es\/#organization\"},\"potentialAction\":[{\"@type\":\"SearchAction\",\"target\":{\"@type\":\"EntryPoint\",\"urlTemplate\":\"https:\/\/itinere.eduvic.coop\/es\/?s={search_term_string}\"},\"query-input\":{\"@type\":\"PropertyValueSpecification\",\"valueRequired\":true,\"valueName\":\"search_term_string\"}}],\"inLanguage\":\"es\"},{\"@type\":\"Organization\",\"@id\":\"https:\/\/itinere.eduvic.coop\/es\/#organization\",\"name\":\"EDUVIC \u00b7 Itinere\",\"url\":\"https:\/\/itinere.eduvic.coop\/es\/\",\"logo\":{\"@type\":\"ImageObject\",\"inLanguage\":\"es\",\"@id\":\"https:\/\/itinere.eduvic.coop\/es\/#\/schema\/logo\/image\/\",\"url\":\"https:\/\/itinere.eduvic.coop\/wp-content\/uploads\/2024\/04\/EDUVIC-ITINERE-2024.png\",\"contentUrl\":\"https:\/\/itinere.eduvic.coop\/wp-content\/uploads\/2024\/04\/EDUVIC-ITINERE-2024.png\",\"width\":5486,\"height\":2647,\"caption\":\"EDUVIC \u00b7 Itinere\"},\"image\":{\"@id\":\"https:\/\/itinere.eduvic.coop\/es\/#\/schema\/logo\/image\/\"},\"sameAs\":[\"https:\/\/www.instagram.com\/eduvic.itinere\/\",\"https:\/\/www.linkedin.com\/company\/82385485\/admin\/feed\/posts\/\"]}]}<\/script>\n<!-- \/ Yoast SEO plugin. -->","yoast_head_json":{"title":"Pol\u00edtica de Privacidad - EDUVIC \u00b7 Itinere","description":"Consulta la Pol\u00edtica de Privacidad de EDUVIC \u00b7 Itinere. Explicamos c\u00f3mo protegemos tus datos personales y garantizamos un uso seguro y transparente de la informaci\u00f3n.","robots":{"index":"noindex","follow":"follow"},"og_locale":"es_ES","og_type":"article","og_title":"Pol\u00edtica de Privacidad - EDUVIC \u00b7 Itinere","og_description":"Consulta la Pol\u00edtica de Privacidad de EDUVIC \u00b7 Itinere. Explicamos c\u00f3mo protegemos tus datos personales y garantizamos un uso seguro y transparente de la informaci\u00f3n.","og_url":"https:\/\/itinere.eduvic.coop\/es\/politica-privacidad\/","og_site_name":"EDUVIC \u00b7 Itinere","article_modified_time":"2025-09-18T17:56:55+00:00","twitter_card":"summary_large_image","twitter_misc":{"Tiempo de lectura":"6 minutos"},"schema":{"@context":"https:\/\/schema.org","@graph":[{"@type":"WebPage","@id":"https:\/\/itinere.eduvic.coop\/es\/politica-privacidad\/","url":"https:\/\/itinere.eduvic.coop\/es\/politica-privacidad\/","name":"Pol\u00edtica de Privacidad - EDUVIC \u00b7 Itinere","isPartOf":{"@id":"https:\/\/itinere.eduvic.coop\/es\/#website"},"datePublished":"2023-03-28T08:12:03+00:00","dateModified":"2025-09-18T17:56:55+00:00","description":"Consulta la Pol\u00edtica de Privacidad de EDUVIC \u00b7 Itinere. Explicamos c\u00f3mo protegemos tus datos personales y garantizamos un uso seguro y transparente de la informaci\u00f3n.","breadcrumb":{"@id":"https:\/\/itinere.eduvic.coop\/es\/politica-privacidad\/#breadcrumb"},"inLanguage":"es","potentialAction":[{"@type":"ReadAction","target":["https:\/\/itinere.eduvic.coop\/es\/politica-privacidad\/"]}]},{"@type":"BreadcrumbList","@id":"https:\/\/itinere.eduvic.coop\/es\/politica-privacidad\/#breadcrumb","itemListElement":[{"@type":"ListItem","position":1,"name":"Inici","item":"https:\/\/itinere.eduvic.coop\/es\/"},{"@type":"ListItem","position":2,"name":"Pol\u00edtica de Privacidad"}]},{"@type":"WebSite","@id":"https:\/\/itinere.eduvic.coop\/es\/#website","url":"https:\/\/itinere.eduvic.coop\/es\/","name":"EDUVIC \u00b7 Itinere","description":"","publisher":{"@id":"https:\/\/itinere.eduvic.coop\/es\/#organization"},"potentialAction":[{"@type":"SearchAction","target":{"@type":"EntryPoint","urlTemplate":"https:\/\/itinere.eduvic.coop\/es\/?s={search_term_string}"},"query-input":{"@type":"PropertyValueSpecification","valueRequired":true,"valueName":"search_term_string"}}],"inLanguage":"es"},{"@type":"Organization","@id":"https:\/\/itinere.eduvic.coop\/es\/#organization","name":"EDUVIC \u00b7 Itinere","url":"https:\/\/itinere.eduvic.coop\/es\/","logo":{"@type":"ImageObject","inLanguage":"es","@id":"https:\/\/itinere.eduvic.coop\/es\/#\/schema\/logo\/image\/","url":"https:\/\/itinere.eduvic.coop\/wp-content\/uploads\/2024\/04\/EDUVIC-ITINERE-2024.png","contentUrl":"https:\/\/itinere.eduvic.coop\/wp-content\/uploads\/2024\/04\/EDUVIC-ITINERE-2024.png","width":5486,"height":2647,"caption":"EDUVIC \u00b7 Itinere"},"image":{"@id":"https:\/\/itinere.eduvic.coop\/es\/#\/schema\/logo\/image\/"},"sameAs":["https:\/\/www.instagram.com\/eduvic.itinere\/","https:\/\/www.linkedin.com\/company\/82385485\/admin\/feed\/posts\/"]}]}},"_links":{"self":[{"href":"https:\/\/itinere.eduvic.coop\/es\/wp-json\/wp\/v2\/pages\/8669","targetHints":{"allow":["GET"]}}],"collection":[{"href":"https:\/\/itinere.eduvic.coop\/es\/wp-json\/wp\/v2\/pages"}],"about":[{"href":"https:\/\/itinere.eduvic.coop\/es\/wp-json\/wp\/v2\/types\/page"}],"author":[{"embeddable":true,"href":"https:\/\/itinere.eduvic.coop\/es\/wp-json\/wp\/v2\/users\/4"}],"replies":[{"embeddable":true,"href":"https:\/\/itinere.eduvic.coop\/es\/wp-json\/wp\/v2\/comments?post=8669"}],"version-history":[{"count":5,"href":"https:\/\/itinere.eduvic.coop\/es\/wp-json\/wp\/v2\/pages\/8669\/revisions"}],"predecessor-version":[{"id":10929,"href":"https:\/\/itinere.eduvic.coop\/es\/wp-json\/wp\/v2\/pages\/8669\/revisions\/10929"}],"wp:attachment":[{"href":"https:\/\/itinere.eduvic.coop\/es\/wp-json\/wp\/v2\/media?parent=8669"}],"curies":[{"name":"wp","href":"https:\/\/api.w.org\/{rel}","templated":true}]}}