{"id":8661,"date":"2023-03-28T09:11:14","date_gmt":"2023-03-28T08:11:14","guid":{"rendered":"https:\/\/eduvic.dev.madsys.com\/itinere23\/avis-legal\/"},"modified":"2025-09-16T12:01:10","modified_gmt":"2025-09-16T11:01:10","slug":"aviso-legal","status":"publish","type":"page","link":"https:\/\/itinere.eduvic.coop\/es\/aviso-legal\/","title":{"rendered":"Aviso Legal"},"content":{"rendered":"<div class=\"wpb-content-wrapper\"><p>[vc_row][vc_column][vc_empty_space height=&#8221;64px&#8221;][vc_column_text]<\/p>\n<h1>Aviso Legal<\/h1>\n<h5><b><\/b><span style=\"color: var(--accent);\"><b>Datos de identificaci\u00f3n<\/b><\/span><\/h5>\n<p><span style=\"font-weight: 400;\">EDUVIC SCCL es una empresa inscrita en el Registro de Cooperativas, con el num. 6633. Su domicilio C \/ Castelao, 124 Local, de Hospitalet de Llobregat (08902), y NIF .: F60709896. <\/span><\/p>\n<p><span style=\"font-weight: 400;\">Correo electr\u00f3nico EDUVIC: eduvic@eduvic.coop<\/span><\/p>\n<p><span style=\"font-weight: 400;\">Correo electr\u00f3nico Escuela Itinere: escolaitinere@eduvic.coop<\/span><\/p>\n<h5><span style=\"color: var(--accent);\"><strong>Vigencia de la informaci\u00f3n<\/strong><\/span><\/h5>\n<p><span style=\"font-weight: 400;\">El acceso al portal de EDUVIC y asimismo la informaci\u00f3n relativa a cualquiera de los productos y servicios que esta contiene comporta la aceptaci\u00f3n de las condiciones contempladas en el presente aviso legal. De igual forma la informaci\u00f3n contenida en estas p\u00e1ginas es la vigente en la actualidad tras la \u00faltima actualizaci\u00f3n realizada. No obstante, la informaci\u00f3n relativa a productos y servicios ofrecidos en esta p\u00e1gina web es exclusivamente orientativa y de ninguna manera vinculante.<\/span><\/p>\n<h5><span style=\"color: var(--accent);\"><strong>Propiedad intelectual o industrial<\/strong><\/span><\/h5>\n<p><span style=\"font-weight: 400;\">El contenido de la presente p\u00e1gina web est\u00e1 protegido por la Ley de Propiedad Industrial o Intelectual. Por lo tanto los contenidos, c\u00f3digos fuente, forma, dise\u00f1o, p\u00e1ginas, marcas, nombres comerciales, logotipos as\u00ed como denominaci\u00f3n de productos, aplicativos y herramientas son propiedad de EDUVIC y su distribuci\u00f3n, modificaci\u00f3n, transmisi\u00f3n, copia o cualquier utilizaci\u00f3n de los mismos ha ser autorizada expresamente por EDUVIC. Debe advertirse que la infracci\u00f3n de las normas protectoras de la propiedad industrial o intelectual conlleva, en su caso, adem\u00e1s de las posibles responsabilidades econ\u00f3micas la exigencia de responsabilidades penales.<\/span><\/p>\n<h5><span style=\"color: var(--accent);\"><strong>Responsabilidades<\/strong><\/span><\/h5>\n<p><span style=\"font-weight: 400;\">La informaci\u00f3n contenida en estas p\u00e1ginas web es la vigente en la fecha de su \u00faltima actualizaci\u00f3n y no representa ninguna obligaci\u00f3n contractual para EDUVIC, sino que se expone con finalidad informativa y no constituye una oferta de compra o venta de ning\u00fan tipo de producto o servicio. Se puede confirmar la fecha de actualizaci\u00f3n de cualquier informaci\u00f3n mediante el formulario que aparece haciendo un \u00abclic\u00bb en la p\u00e1gina principal de la web.<\/span><\/p>\n<p><span style=\"font-weight: 400;\">EDUVIC rechaza cualquier responsabilidad que se derive de la mala utilizaci\u00f3n de los contenidos de sus p\u00e1ginas web y se reserva el derecho a actualizarlos, eliminarlos, limitarlos o impedir el acceso, de manera temporal o definitiva sin necesidad de previo aviso. Tampoco se hace responsable sobre cualquier informaci\u00f3n no elaborada directamente por la empresa y rechaza, de manera especial, cualquier responsabilidad sobre la informaci\u00f3n contenida en las p\u00e1ginas web a las que se tiene acceso mediante enlaces (links).<\/span><\/p>\n<p><span style=\"font-weight: 400;\">Asimismo, EDUVIC no se hace responsable de los posibles errores de seguridad que se puedan producir por el uso de ordenadores infectados con virus inform\u00e1ticos, ni de las consecuencias derivadas del mal funcionamiento del navegador (browser) o por el uso de versiones no actualizadas.<\/span><\/p>\n<p><span style=\"font-weight: 400;\">EDUVIC: Todos los derechos reservados.<\/span>[\/vc_column_text][\/vc_column][\/vc_row]<\/p>\n<\/div>","protected":false},"excerpt":{"rendered":"<p>[vc_row][vc_column][vc_empty_space height=&#8221;64px&#8221;][vc_column_text] Aviso Legal Datos de identificaci\u00f3n EDUVIC SCCL es una empresa inscrita en el Registro de Cooperativas, con el num. 6633. Su domicilio C \/ Castelao, 124 Local, de Hospitalet de Llobregat (08902), y NIF .: F60709896. Correo electr\u00f3nico EDUVIC: eduvic@eduvic.coop Correo electr\u00f3nico Escuela Itinere: escolaitinere@eduvic.coop Vigencia de la informaci\u00f3n El acceso al portal de EDUVIC y asimismo la &#8230; <\/p>\n<p class=\"read-more-container\"><a title=\"Aviso Legal\" class=\"read-more button\" href=\"https:\/\/itinere.eduvic.coop\/es\/aviso-legal\/#more-8661\" aria-label=\"Leer m\u00e1s sobre Aviso Legal\">Llegir m\u00e9s<\/a><\/p>\n","protected":false},"author":4,"featured_media":0,"parent":0,"menu_order":0,"comment_status":"closed","ping_status":"closed","template":"","meta":{"_acf_changed":false,"footnotes":""},"class_list":{"0":"post-8661","1":"page","2":"type-page","3":"status-publish","5":"infinite-scroll-item"},"acf":[],"yoast_head":"<!-- This site is optimized with the Yoast SEO plugin v27.4 - https:\/\/yoast.com\/product\/yoast-seo-wordpress\/ -->\n<title>Aviso Legal - EDUVIC \u00b7 Itinere<\/title>\n<meta name=\"robots\" content=\"noindex, follow\" \/>\n<meta property=\"og:locale\" content=\"es_ES\" \/>\n<meta property=\"og:type\" content=\"article\" \/>\n<meta property=\"og:title\" content=\"Aviso Legal - EDUVIC \u00b7 Itinere\" \/>\n<meta property=\"og:description\" content=\"[vc_row][vc_column][vc_empty_space height=&#8221;64px&#8221;][vc_column_text] Aviso Legal Datos de identificaci\u00f3n EDUVIC SCCL es una empresa inscrita en el Registro de Cooperativas, con el num. 6633. Su domicilio C \/ Castelao, 124 Local, de Hospitalet de Llobregat (08902), y NIF .: F60709896. Correo electr\u00f3nico EDUVIC: eduvic@eduvic.coop Correo electr\u00f3nico Escuela Itinere: escolaitinere@eduvic.coop Vigencia de la informaci\u00f3n El acceso al portal de EDUVIC y asimismo la ... Llegir m\u00e9s\" \/>\n<meta property=\"og:url\" content=\"https:\/\/itinere.eduvic.coop\/es\/aviso-legal\/\" \/>\n<meta property=\"og:site_name\" content=\"EDUVIC \u00b7 Itinere\" \/>\n<meta property=\"article:modified_time\" content=\"2025-09-16T11:01:10+00:00\" \/>\n<meta name=\"twitter:card\" content=\"summary_large_image\" \/>\n<meta name=\"twitter:label1\" content=\"Tiempo de lectura\" \/>\n\t<meta name=\"twitter:data1\" content=\"3 minutos\" \/>\n<script type=\"application\/ld+json\" class=\"yoast-schema-graph\">{\"@context\":\"https:\\\/\\\/schema.org\",\"@graph\":[{\"@type\":\"WebPage\",\"@id\":\"https:\\\/\\\/itinere.eduvic.coop\\\/es\\\/aviso-legal\\\/\",\"url\":\"https:\\\/\\\/itinere.eduvic.coop\\\/es\\\/aviso-legal\\\/\",\"name\":\"Aviso Legal - EDUVIC \u00b7 Itinere\",\"isPartOf\":{\"@id\":\"https:\\\/\\\/itinere.eduvic.coop\\\/es\\\/#website\"},\"datePublished\":\"2023-03-28T08:11:14+00:00\",\"dateModified\":\"2025-09-16T11:01:10+00:00\",\"breadcrumb\":{\"@id\":\"https:\\\/\\\/itinere.eduvic.coop\\\/es\\\/aviso-legal\\\/#breadcrumb\"},\"inLanguage\":\"es\",\"potentialAction\":[{\"@type\":\"ReadAction\",\"target\":[\"https:\\\/\\\/itinere.eduvic.coop\\\/es\\\/aviso-legal\\\/\"]}]},{\"@type\":\"BreadcrumbList\",\"@id\":\"https:\\\/\\\/itinere.eduvic.coop\\\/es\\\/aviso-legal\\\/#breadcrumb\",\"itemListElement\":[{\"@type\":\"ListItem\",\"position\":1,\"name\":\"Inici\",\"item\":\"https:\\\/\\\/itinere.eduvic.coop\\\/es\\\/\"},{\"@type\":\"ListItem\",\"position\":2,\"name\":\"Aviso Legal\"}]},{\"@type\":\"WebSite\",\"@id\":\"https:\\\/\\\/itinere.eduvic.coop\\\/es\\\/#website\",\"url\":\"https:\\\/\\\/itinere.eduvic.coop\\\/es\\\/\",\"name\":\"EDUVIC \u00b7 Itinere\",\"description\":\"\",\"publisher\":{\"@id\":\"https:\\\/\\\/itinere.eduvic.coop\\\/es\\\/#organization\"},\"potentialAction\":[{\"@type\":\"SearchAction\",\"target\":{\"@type\":\"EntryPoint\",\"urlTemplate\":\"https:\\\/\\\/itinere.eduvic.coop\\\/es\\\/?s={search_term_string}\"},\"query-input\":{\"@type\":\"PropertyValueSpecification\",\"valueRequired\":true,\"valueName\":\"search_term_string\"}}],\"inLanguage\":\"es\"},{\"@type\":\"Organization\",\"@id\":\"https:\\\/\\\/itinere.eduvic.coop\\\/es\\\/#organization\",\"name\":\"EDUVIC \u00b7 Itinere\",\"url\":\"https:\\\/\\\/itinere.eduvic.coop\\\/es\\\/\",\"logo\":{\"@type\":\"ImageObject\",\"inLanguage\":\"es\",\"@id\":\"https:\\\/\\\/itinere.eduvic.coop\\\/es\\\/#\\\/schema\\\/logo\\\/image\\\/\",\"url\":\"https:\\\/\\\/itinere.eduvic.coop\\\/wp-content\\\/uploads\\\/2024\\\/04\\\/EDUVIC-ITINERE-2024.png\",\"contentUrl\":\"https:\\\/\\\/itinere.eduvic.coop\\\/wp-content\\\/uploads\\\/2024\\\/04\\\/EDUVIC-ITINERE-2024.png\",\"width\":5486,\"height\":2647,\"caption\":\"EDUVIC \u00b7 Itinere\"},\"image\":{\"@id\":\"https:\\\/\\\/itinere.eduvic.coop\\\/es\\\/#\\\/schema\\\/logo\\\/image\\\/\"},\"sameAs\":[\"https:\\\/\\\/www.instagram.com\\\/eduvic.itinere\\\/\",\"https:\\\/\\\/www.linkedin.com\\\/company\\\/82385485\\\/admin\\\/feed\\\/posts\\\/\"]}]}<\/script>\n<!-- \/ Yoast SEO plugin. -->","yoast_head_json":{"title":"Aviso Legal - EDUVIC \u00b7 Itinere","robots":{"index":"noindex","follow":"follow"},"og_locale":"es_ES","og_type":"article","og_title":"Aviso Legal - EDUVIC \u00b7 Itinere","og_description":"[vc_row][vc_column][vc_empty_space height=&#8221;64px&#8221;][vc_column_text] Aviso Legal Datos de identificaci\u00f3n EDUVIC SCCL es una empresa inscrita en el Registro de Cooperativas, con el num. 6633. Su domicilio C \/ Castelao, 124 Local, de Hospitalet de Llobregat (08902), y NIF .: F60709896. Correo electr\u00f3nico EDUVIC: eduvic@eduvic.coop Correo electr\u00f3nico Escuela Itinere: escolaitinere@eduvic.coop Vigencia de la informaci\u00f3n El acceso al portal de EDUVIC y asimismo la ... Llegir m\u00e9s","og_url":"https:\/\/itinere.eduvic.coop\/es\/aviso-legal\/","og_site_name":"EDUVIC \u00b7 Itinere","article_modified_time":"2025-09-16T11:01:10+00:00","twitter_card":"summary_large_image","twitter_misc":{"Tiempo de lectura":"3 minutos"},"schema":{"@context":"https:\/\/schema.org","@graph":[{"@type":"WebPage","@id":"https:\/\/itinere.eduvic.coop\/es\/aviso-legal\/","url":"https:\/\/itinere.eduvic.coop\/es\/aviso-legal\/","name":"Aviso Legal - EDUVIC \u00b7 Itinere","isPartOf":{"@id":"https:\/\/itinere.eduvic.coop\/es\/#website"},"datePublished":"2023-03-28T08:11:14+00:00","dateModified":"2025-09-16T11:01:10+00:00","breadcrumb":{"@id":"https:\/\/itinere.eduvic.coop\/es\/aviso-legal\/#breadcrumb"},"inLanguage":"es","potentialAction":[{"@type":"ReadAction","target":["https:\/\/itinere.eduvic.coop\/es\/aviso-legal\/"]}]},{"@type":"BreadcrumbList","@id":"https:\/\/itinere.eduvic.coop\/es\/aviso-legal\/#breadcrumb","itemListElement":[{"@type":"ListItem","position":1,"name":"Inici","item":"https:\/\/itinere.eduvic.coop\/es\/"},{"@type":"ListItem","position":2,"name":"Aviso Legal"}]},{"@type":"WebSite","@id":"https:\/\/itinere.eduvic.coop\/es\/#website","url":"https:\/\/itinere.eduvic.coop\/es\/","name":"EDUVIC \u00b7 Itinere","description":"","publisher":{"@id":"https:\/\/itinere.eduvic.coop\/es\/#organization"},"potentialAction":[{"@type":"SearchAction","target":{"@type":"EntryPoint","urlTemplate":"https:\/\/itinere.eduvic.coop\/es\/?s={search_term_string}"},"query-input":{"@type":"PropertyValueSpecification","valueRequired":true,"valueName":"search_term_string"}}],"inLanguage":"es"},{"@type":"Organization","@id":"https:\/\/itinere.eduvic.coop\/es\/#organization","name":"EDUVIC \u00b7 Itinere","url":"https:\/\/itinere.eduvic.coop\/es\/","logo":{"@type":"ImageObject","inLanguage":"es","@id":"https:\/\/itinere.eduvic.coop\/es\/#\/schema\/logo\/image\/","url":"https:\/\/itinere.eduvic.coop\/wp-content\/uploads\/2024\/04\/EDUVIC-ITINERE-2024.png","contentUrl":"https:\/\/itinere.eduvic.coop\/wp-content\/uploads\/2024\/04\/EDUVIC-ITINERE-2024.png","width":5486,"height":2647,"caption":"EDUVIC \u00b7 Itinere"},"image":{"@id":"https:\/\/itinere.eduvic.coop\/es\/#\/schema\/logo\/image\/"},"sameAs":["https:\/\/www.instagram.com\/eduvic.itinere\/","https:\/\/www.linkedin.com\/company\/82385485\/admin\/feed\/posts\/"]}]}},"_links":{"self":[{"href":"https:\/\/itinere.eduvic.coop\/es\/wp-json\/wp\/v2\/pages\/8661","targetHints":{"allow":["GET"]}}],"collection":[{"href":"https:\/\/itinere.eduvic.coop\/es\/wp-json\/wp\/v2\/pages"}],"about":[{"href":"https:\/\/itinere.eduvic.coop\/es\/wp-json\/wp\/v2\/types\/page"}],"author":[{"embeddable":true,"href":"https:\/\/itinere.eduvic.coop\/es\/wp-json\/wp\/v2\/users\/4"}],"replies":[{"embeddable":true,"href":"https:\/\/itinere.eduvic.coop\/es\/wp-json\/wp\/v2\/comments?post=8661"}],"version-history":[{"count":6,"href":"https:\/\/itinere.eduvic.coop\/es\/wp-json\/wp\/v2\/pages\/8661\/revisions"}],"predecessor-version":[{"id":8667,"href":"https:\/\/itinere.eduvic.coop\/es\/wp-json\/wp\/v2\/pages\/8661\/revisions\/8667"}],"wp:attachment":[{"href":"https:\/\/itinere.eduvic.coop\/es\/wp-json\/wp\/v2\/media?parent=8661"}],"curies":[{"name":"wp","href":"https:\/\/api.w.org\/{rel}","templated":true}]}}