{"id":8651,"date":"2023-03-28T09:15:10","date_gmt":"2023-03-28T08:15:10","guid":{"rendered":"https:\/\/eduvic.dev.madsys.com\/itinere23\/blog\/"},"modified":"2025-09-18T19:05:33","modified_gmt":"2025-09-18T18:05:33","slug":"blog","status":"publish","type":"page","link":"https:\/\/itinere.eduvic.coop\/es\/blog\/","title":{"rendered":"Blog"},"content":{"rendered":"<div class=\"wpb-content-wrapper\"><p>[vc_section][vc_row full_width=&#8221;stretch_row&#8221; css=&#8221;.vc_custom_1684834573147{background-image: url(https:\/\/itinere.eduvic.coop\/wp-content\/uploads\/2023\/05\/header-blog.jpg?id=7896) !important;background-position: center !important;background-repeat: no-repeat !important;background-size: cover !important;}&#8221; el_id=&#8221;header-noticias&#8221; el_class=&#8221;header-page&#8221;][vc_column][vc_empty_space height=&#8221;50px&#8221;][vc_column_text]<\/p>\n<h3><span style=\"color: #b8c752;\">Blog<\/span><\/h3>\n<p>[\/vc_column_text][vc_empty_space height=&#8221;50px&#8221;][\/vc_column][\/vc_row][\/vc_section][vc_section][vc_row el_id=&#8221;blog-home&#8221;][vc_column][vc_empty_space height=&#8221;20px&#8221;][vc_empty_space height=&#8221;40px&#8221; el_class=&#8221;vc_hidden-xs&#8221;][vc_basic_grid post_type=&#8221;post&#8221; max_items=&#8221;-1&#8243; item=&#8221;7657&#8243; grid_id=&#8221;vc_gid:1756454379668-55422e91-0953-4&#8243;][\/vc_column][\/vc_row][\/vc_section][vc_row disable_element=&#8221;yes&#8221;][vc_column]<div id=\"advanced-tabs-desc-wrap-2313\" class=\"ult_tabs \" style=\" \" data-tabsstyle=\"style1\"\n data-titlebg=\"#ffffff\" data-titlecolor=\"#74777b\" data-fullheight=\"off\"\n data-titlehoverbg=\"#b8c752\" data-titlehovercolor=\"#ffffff\"\n data-rotatetabs=\"0\" data-responsivemode=\"Both\" data-animation=\"Slide\"\ndata-activetitle=\"#ffffff\" data-activeicon=\"\" data-activebg=\"#b8c752\"  data-respmode=\"Tabs\" data-respwidth=\"400\" data-scroll = \"on\" data-activeindex=\"1\"><ul id=advanced-tabs-wrap-8621 class=\"ult_tabmenu style1 \" style=\"\"><li class=\"ult_tab_li  \" data-iconcolor=\"#74777b\" data-iconhover=\"#ffffff\" style=\"background-color:#ffffff;border-color:transparent;border-width:0px;border-style:solid;border-top-left-radius:8px;\">\n\t\t\t\t\t<a href=\"#1685022091334-2\"  id=\"1685022091334-2\"  style=\"color:#74777b;;   \" class=\"ult_a  \">\n\t\t\t\t\t     <span class=\"ult_tab_main Both \">\n\t\t\t\t\t \t\t <span class=\"ult_tab_section\">\n\t\t\t\t\t   \t\t\t<span  data-ultimate-target='#advanced-tabs-wrap-8621 .ult-span-text'  data-responsive-json-new='{\"font-size\":\"desktop:15px;\",\"line-height\":\"\"}'  class=\"ult-span-text no_icon ult_tab_display_text ult-responsive\" style=\";\">Ver Todos<\/span>\n\t\t\t\t\t   \t\t<\/span>\n\t\t\t\t\t\t<\/span>\n\t\t\t\t\t<\/a>\n\t\t\t\t\t<\/li><li class=\"ult_tab_li  \" data-iconcolor=\"#74777b\" data-iconhover=\"#ffffff\" style=\"background-color:#ffffff;border-color:transparent;border-width:0px;border-style:solid;border-top-right-radius:8px;\">\n\t\t\t\t\t<a href=\"#1685022091345-1\"  id=\"1685022091345-1\"  style=\"color:#74777b;;   \" class=\"ult_a  \">\n\t\t\t\t\t     <span class=\"ult_tab_main Both \">\n\t\t\t\t\t \t\t <span class=\"ult_tab_section\">\n\t\t\t\t\t   \t\t\t<span  data-ultimate-target='#advanced-tabs-wrap-8621 .ult-span-text'  data-responsive-json-new='{\"font-size\":\"desktop:15px;\",\"line-height\":\"\"}'  class=\"ult-span-text no_icon ult_tab_display_text ult-responsive\" style=\";\">Proyectos Finales<\/span>\n\t\t\t\t\t   \t\t<\/span>\n\t\t\t\t\t\t<\/span>\n\t\t\t\t\t<\/a>\n\t\t\t\t\t<\/li><\/ul><div  data-ultimate-target='#advanced-tabs-desc-wrap-2313 .ult_tabcontent .ult_tab_min_contain  p'  data-responsive-json-new='{\"font-size\":\"\",\"line-height\":\"\"}' class=\"ult_tabcontent ult-responsive style1\" style=\"color:#74777b;\"><div class=\"ult_tab_min_contain \" >\n\t\t\t<div  class=\"ult_tabitemname\"  >\n\t\t\t<\/div>\n\t\t\t<div  class=\"ult_tabitemname\"  >\n\t\t\t\t[vc_basic_grid post_type=&#8221;post&#8221; max_items=&#8221;-1&#8243; item=&#8221;7657&#8243; grid_id=&#8221;vc_gid:1756454379668-e0e53a7e-56ea-4&#8243; taxonomies=&#8221;133&#8243;]\n\t\t\t<\/div><\/div><\/div><\/div><div class=\"ult_acord advanced-tabs-desc-wrap-2313\">\n   <div class=\"ult-tabto-accordion \" style=\"width:;\"\n    data-titlecolor=\"#74777b\"  data-titlebg=\"#ffffff\"\n     data-titlehoverbg=\"#b8c752\" data-titlehovercolor=\"#ffffff\" data-animation=\"Slide\"\n     data-activetitle=\"#ffffff\" data-activeicon=\"\" data-activebg=\"#b8c752\" data-scroll = \"on\" data-activeindex=\"1\" >\n     <dl><dt class=\"\">\n\t        \t<a class=\"ult-tabto-actitle withBorder ult_a \" id=\"1685022091334-2\" style=\"color:#74777b;;background-color:#ffffff;border-bottom-color:transparent;border-bottom-width:0px;border-bottom-style:solid;\" href=\"#1685022091334-2\">\n\t        \t\t<i class=\"accordion-icon\"><\/i>\n\t        \t\t\t<span class=\"ult_tab_main ult_ac_main ult_noacordicnBoth\">\n\n\t\t\t\t\t\t<span  data-ultimate-target='#advanced-tabs-wrap-8621 .ult-span-text'  data-responsive-json-new='{\"font-size\":\"desktop:15px;\",\"line-height\":\"\"}'  class=\"ult-span-text no_icon ult_acordian-text ult-responsive\" style=\";color:inherit \" >Ver Todos<\/span>\n\t\t\t\t\t\t<\/span><\/a><\/dt>\n\t            \t\t<dd class=\"ult-tabto-accordionItem ult-tabto-accolapsed\">\n\t\t\t\t            <div class=\"ult-tabto-acontent\" style=\"color:#74777b;\">\n\t\t\t\t               \n\t\t\t\t            <\/div>\n\t        \t\t\t<\/dd><dt class=\"\">\n\t        \t<a class=\"ult-tabto-actitle withBorder ult_a \" id=\"1685022091345-1\" style=\"color:#74777b;;background-color:#ffffff;border-bottom-color:transparent;border-bottom-width:0px;border-bottom-style:solid;border-bottom-color:transparent;border-bottom-width:0px;border-bottom-style:solid;\" href=\"#1685022091345-1\">\n\t        \t\t<i class=\"accordion-icon\"><\/i>\n\t        \t\t\t<span class=\"ult_tab_main ult_ac_main ult_noacordicnBoth\">\n\n\t\t\t\t\t\t<span  data-ultimate-target='#advanced-tabs-wrap-8621 .ult-span-text'  data-responsive-json-new='{\"font-size\":\"desktop:15px;\",\"line-height\":\"\"}'  class=\"ult-span-text no_icon ult_acordian-text ult-responsive\" style=\";color:inherit \" >Proyectos Finales<\/span>\n\t\t\t\t\t\t<\/span><\/a><\/dt>\n\t            \t\t<dd class=\"ult-tabto-accordionItem ult-tabto-accolapsed\">\n\t\t\t\t            <div class=\"ult-tabto-acontent\" style=\"color:#74777b;\">\n\t\t\t\t               [vc_basic_grid post_type=&#8221;post&#8221; max_items=&#8221;-1&#8243; item=&#8221;7657&#8243; grid_id=&#8221;vc_gid:1756454379668-e0e53a7e-56ea-4&#8243; taxonomies=&#8221;133&#8243;]\n\t\t\t\t            <\/div>\n\t        \t\t\t<\/dd>\n    \t<\/dl>\n    <!--<div class=\"extraborder\" style=\"background-color:#b8c752\"><\/div>-->\n<\/div>\n\n<\/div>[\/vc_column][\/vc_row]<\/p>\n<\/div>","protected":false},"excerpt":{"rendered":"<p>[vc_section][vc_row full_width=&#8221;stretch_row&#8221; css=&#8221;.vc_custom_1684834573147{background-image: url(https:\/\/itinere.eduvic.coop\/wp-content\/uploads\/2023\/05\/header-blog.jpg?id=7896) !important;background-position: center !important;background-repeat: no-repeat !important;background-size: cover !important;}&#8221; el_id=&#8221;header-noticias&#8221; el_class=&#8221;header-page&#8221;][vc_column][vc_empty_space height=&#8221;50px&#8221;][vc_column_text] Blog [\/vc_column_text][vc_empty_space height=&#8221;50px&#8221;][\/vc_column][\/vc_row][\/vc_section][vc_section][vc_row el_id=&#8221;blog-home&#8221;][vc_column][vc_empty_space height=&#8221;20px&#8221;][vc_empty_space height=&#8221;40px&#8221; el_class=&#8221;vc_hidden-xs&#8221;][vc_basic_grid post_type=&#8221;post&#8221; max_items=&#8221;-1&#8243; item=&#8221;7657&#8243; grid_id=&#8221;vc_gid:1756454379668-55422e91-0953-4&#8243;][\/vc_column][\/vc_row][\/vc_section][vc_row disable_element=&#8221;yes&#8221;][vc_column][\/vc_column][\/vc_row]<\/p>\n","protected":false},"author":4,"featured_media":0,"parent":0,"menu_order":0,"comment_status":"closed","ping_status":"closed","template":"","meta":{"_acf_changed":false,"footnotes":""},"class_list":{"0":"post-8651","1":"page","2":"type-page","3":"status-publish","5":"infinite-scroll-item"},"acf":[],"yoast_head":"<!-- This site is optimized with the Yoast SEO plugin v27.2 - https:\/\/yoast.com\/product\/yoast-seo-wordpress\/ -->\n<title>Blog - EDUVIC \u00b7 Itinere<\/title>\n<meta name=\"description\" content=\"Lee el blog de EDUVIC \u00b7 Itinere: art\u00edculos sobre terapia familiar, educaci\u00f3n, psicolog\u00eda y tendencias para profesionales del sector.\" \/>\n<meta name=\"robots\" content=\"index, follow, max-snippet:-1, max-image-preview:large, max-video-preview:-1\" \/>\n<link rel=\"canonical\" href=\"https:\/\/itinere.eduvic.coop\/es\/blog\/\" \/>\n<meta property=\"og:locale\" content=\"es_ES\" \/>\n<meta property=\"og:type\" content=\"article\" \/>\n<meta property=\"og:title\" content=\"Blog - EDUVIC \u00b7 Itinere\" \/>\n<meta property=\"og:description\" content=\"Lee el blog de EDUVIC \u00b7 Itinere: art\u00edculos sobre terapia familiar, educaci\u00f3n, psicolog\u00eda y tendencias para profesionales del sector.\" \/>\n<meta property=\"og:url\" content=\"https:\/\/itinere.eduvic.coop\/es\/blog\/\" \/>\n<meta property=\"og:site_name\" content=\"EDUVIC \u00b7 Itinere\" \/>\n<meta property=\"article:modified_time\" content=\"2025-09-18T18:05:33+00:00\" \/>\n<meta name=\"twitter:card\" content=\"summary_large_image\" \/>\n<meta name=\"twitter:label1\" content=\"Tiempo de lectura\" \/>\n\t<meta name=\"twitter:data1\" content=\"1 minuto\" \/>\n<script type=\"application\/ld+json\" class=\"yoast-schema-graph\">{\"@context\":\"https:\/\/schema.org\",\"@graph\":[{\"@type\":\"WebPage\",\"@id\":\"https:\/\/itinere.eduvic.coop\/es\/blog\/\",\"url\":\"https:\/\/itinere.eduvic.coop\/es\/blog\/\",\"name\":\"Blog - EDUVIC \u00b7 Itinere\",\"isPartOf\":{\"@id\":\"https:\/\/itinere.eduvic.coop\/es\/#website\"},\"datePublished\":\"2023-03-28T08:15:10+00:00\",\"dateModified\":\"2025-09-18T18:05:33+00:00\",\"description\":\"Lee el blog de EDUVIC \u00b7 Itinere: art\u00edculos sobre terapia familiar, educaci\u00f3n, psicolog\u00eda y tendencias para profesionales del sector.\",\"breadcrumb\":{\"@id\":\"https:\/\/itinere.eduvic.coop\/es\/blog\/#breadcrumb\"},\"inLanguage\":\"es\",\"potentialAction\":[{\"@type\":\"ReadAction\",\"target\":[\"https:\/\/itinere.eduvic.coop\/es\/blog\/\"]}]},{\"@type\":\"BreadcrumbList\",\"@id\":\"https:\/\/itinere.eduvic.coop\/es\/blog\/#breadcrumb\",\"itemListElement\":[{\"@type\":\"ListItem\",\"position\":1,\"name\":\"Inici\",\"item\":\"https:\/\/itinere.eduvic.coop\/es\/\"},{\"@type\":\"ListItem\",\"position\":2,\"name\":\"Blog\"}]},{\"@type\":\"WebSite\",\"@id\":\"https:\/\/itinere.eduvic.coop\/es\/#website\",\"url\":\"https:\/\/itinere.eduvic.coop\/es\/\",\"name\":\"EDUVIC \u00b7 Itinere\",\"description\":\"\",\"publisher\":{\"@id\":\"https:\/\/itinere.eduvic.coop\/es\/#organization\"},\"potentialAction\":[{\"@type\":\"SearchAction\",\"target\":{\"@type\":\"EntryPoint\",\"urlTemplate\":\"https:\/\/itinere.eduvic.coop\/es\/?s={search_term_string}\"},\"query-input\":{\"@type\":\"PropertyValueSpecification\",\"valueRequired\":true,\"valueName\":\"search_term_string\"}}],\"inLanguage\":\"es\"},{\"@type\":\"Organization\",\"@id\":\"https:\/\/itinere.eduvic.coop\/es\/#organization\",\"name\":\"EDUVIC \u00b7 Itinere\",\"url\":\"https:\/\/itinere.eduvic.coop\/es\/\",\"logo\":{\"@type\":\"ImageObject\",\"inLanguage\":\"es\",\"@id\":\"https:\/\/itinere.eduvic.coop\/es\/#\/schema\/logo\/image\/\",\"url\":\"https:\/\/itinere.eduvic.coop\/wp-content\/uploads\/2024\/04\/EDUVIC-ITINERE-2024.png\",\"contentUrl\":\"https:\/\/itinere.eduvic.coop\/wp-content\/uploads\/2024\/04\/EDUVIC-ITINERE-2024.png\",\"width\":5486,\"height\":2647,\"caption\":\"EDUVIC \u00b7 Itinere\"},\"image\":{\"@id\":\"https:\/\/itinere.eduvic.coop\/es\/#\/schema\/logo\/image\/\"},\"sameAs\":[\"https:\/\/www.instagram.com\/eduvic.itinere\/\",\"https:\/\/www.linkedin.com\/company\/82385485\/admin\/feed\/posts\/\"]}]}<\/script>\n<!-- \/ Yoast SEO plugin. -->","yoast_head_json":{"title":"Blog - EDUVIC \u00b7 Itinere","description":"Lee el blog de EDUVIC \u00b7 Itinere: art\u00edculos sobre terapia familiar, educaci\u00f3n, psicolog\u00eda y tendencias para profesionales del sector.","robots":{"index":"index","follow":"follow","max-snippet":"max-snippet:-1","max-image-preview":"max-image-preview:large","max-video-preview":"max-video-preview:-1"},"canonical":"https:\/\/itinere.eduvic.coop\/es\/blog\/","og_locale":"es_ES","og_type":"article","og_title":"Blog - EDUVIC \u00b7 Itinere","og_description":"Lee el blog de EDUVIC \u00b7 Itinere: art\u00edculos sobre terapia familiar, educaci\u00f3n, psicolog\u00eda y tendencias para profesionales del sector.","og_url":"https:\/\/itinere.eduvic.coop\/es\/blog\/","og_site_name":"EDUVIC \u00b7 Itinere","article_modified_time":"2025-09-18T18:05:33+00:00","twitter_card":"summary_large_image","twitter_misc":{"Tiempo de lectura":"1 minuto"},"schema":{"@context":"https:\/\/schema.org","@graph":[{"@type":"WebPage","@id":"https:\/\/itinere.eduvic.coop\/es\/blog\/","url":"https:\/\/itinere.eduvic.coop\/es\/blog\/","name":"Blog - EDUVIC \u00b7 Itinere","isPartOf":{"@id":"https:\/\/itinere.eduvic.coop\/es\/#website"},"datePublished":"2023-03-28T08:15:10+00:00","dateModified":"2025-09-18T18:05:33+00:00","description":"Lee el blog de EDUVIC \u00b7 Itinere: art\u00edculos sobre terapia familiar, educaci\u00f3n, psicolog\u00eda y tendencias para profesionales del sector.","breadcrumb":{"@id":"https:\/\/itinere.eduvic.coop\/es\/blog\/#breadcrumb"},"inLanguage":"es","potentialAction":[{"@type":"ReadAction","target":["https:\/\/itinere.eduvic.coop\/es\/blog\/"]}]},{"@type":"BreadcrumbList","@id":"https:\/\/itinere.eduvic.coop\/es\/blog\/#breadcrumb","itemListElement":[{"@type":"ListItem","position":1,"name":"Inici","item":"https:\/\/itinere.eduvic.coop\/es\/"},{"@type":"ListItem","position":2,"name":"Blog"}]},{"@type":"WebSite","@id":"https:\/\/itinere.eduvic.coop\/es\/#website","url":"https:\/\/itinere.eduvic.coop\/es\/","name":"EDUVIC \u00b7 Itinere","description":"","publisher":{"@id":"https:\/\/itinere.eduvic.coop\/es\/#organization"},"potentialAction":[{"@type":"SearchAction","target":{"@type":"EntryPoint","urlTemplate":"https:\/\/itinere.eduvic.coop\/es\/?s={search_term_string}"},"query-input":{"@type":"PropertyValueSpecification","valueRequired":true,"valueName":"search_term_string"}}],"inLanguage":"es"},{"@type":"Organization","@id":"https:\/\/itinere.eduvic.coop\/es\/#organization","name":"EDUVIC \u00b7 Itinere","url":"https:\/\/itinere.eduvic.coop\/es\/","logo":{"@type":"ImageObject","inLanguage":"es","@id":"https:\/\/itinere.eduvic.coop\/es\/#\/schema\/logo\/image\/","url":"https:\/\/itinere.eduvic.coop\/wp-content\/uploads\/2024\/04\/EDUVIC-ITINERE-2024.png","contentUrl":"https:\/\/itinere.eduvic.coop\/wp-content\/uploads\/2024\/04\/EDUVIC-ITINERE-2024.png","width":5486,"height":2647,"caption":"EDUVIC \u00b7 Itinere"},"image":{"@id":"https:\/\/itinere.eduvic.coop\/es\/#\/schema\/logo\/image\/"},"sameAs":["https:\/\/www.instagram.com\/eduvic.itinere\/","https:\/\/www.linkedin.com\/company\/82385485\/admin\/feed\/posts\/"]}]}},"_links":{"self":[{"href":"https:\/\/itinere.eduvic.coop\/es\/wp-json\/wp\/v2\/pages\/8651","targetHints":{"allow":["GET"]}}],"collection":[{"href":"https:\/\/itinere.eduvic.coop\/es\/wp-json\/wp\/v2\/pages"}],"about":[{"href":"https:\/\/itinere.eduvic.coop\/es\/wp-json\/wp\/v2\/types\/page"}],"author":[{"embeddable":true,"href":"https:\/\/itinere.eduvic.coop\/es\/wp-json\/wp\/v2\/users\/4"}],"replies":[{"embeddable":true,"href":"https:\/\/itinere.eduvic.coop\/es\/wp-json\/wp\/v2\/comments?post=8651"}],"version-history":[{"count":7,"href":"https:\/\/itinere.eduvic.coop\/es\/wp-json\/wp\/v2\/pages\/8651\/revisions"}],"predecessor-version":[{"id":10933,"href":"https:\/\/itinere.eduvic.coop\/es\/wp-json\/wp\/v2\/pages\/8651\/revisions\/10933"}],"wp:attachment":[{"href":"https:\/\/itinere.eduvic.coop\/es\/wp-json\/wp\/v2\/media?parent=8651"}],"curies":[{"name":"wp","href":"https:\/\/api.w.org\/{rel}","templated":true}]}}