{"id":11758,"date":"2026-03-26T18:49:51","date_gmt":"2026-03-26T17:49:51","guid":{"rendered":"https:\/\/itinere.eduvic.coop\/borsa-de-treball\/"},"modified":"2026-04-07T08:17:29","modified_gmt":"2026-04-07T07:17:29","slug":"bolsa-de-trabajo","status":"publish","type":"page","link":"https:\/\/itinere.eduvic.coop\/es\/bolsa-de-trabajo\/","title":{"rendered":"Bolsa de Trabajo"},"content":{"rendered":"<div class=\"wpb-content-wrapper\"><p>[vc_section][vc_row full_width=&#8221;stretch_row&#8221; css=&#8221;.vc_custom_1741706889520{background-position: center !important;background-repeat: no-repeat !important;background-size: cover !important;}&#8221; el_class=&#8221;header-page&#8221;][vc_column][vc_empty_space height=&#8221;20px&#8221;][vc_column_text css=&#8221;&#8221;]<\/p>\n<h1><span style=\"color: #b8c752;\">Bolsa de trabajo<\/span><\/h1>\n<p>[\/vc_column_text][vc_column_text css=&#8221;&#8221;]<\/p>\n<h3>Oportunidades profesionales para personas formadas en EDUVIC \u00b7 Itinere<\/h3>\n<p>[\/vc_column_text][vc_empty_space height=&#8221;10px&#8221;][\/vc_column][\/vc_row][\/vc_section][vc_section][vc_row][vc_column][vc_empty_space height=&#8221;40px&#8221;][\/vc_column][\/vc_row][vc_row][vc_column width=&#8221;1\/2&#8243;][vc_column_text css=&#8221;&#8221;]<\/p>\n<p data-start=\"403\" data-end=\"664\">En<strong> EDUVIC \u00b7 Itinere<\/strong> entendemos la formaci\u00f3n como un proceso que no se acaba en el aula. Apostamos por la <strong>continuidad profesional <\/strong>de nuestro alumnado y por la creaci\u00f3n de una <strong>red de profesionales<\/strong> especializados\/des en intervenci\u00f3n sist\u00e9mica, socioeducativa y terap\u00e9utica.<\/p>\n<p>[\/vc_column_text][vc_column_text css=&#8221;&#8221; el_class=&#8221;mad_btn-2&#8243;]<\/p>\n<p data-start=\"1787\" data-end=\"1815\">\u00bfQui\u00e9n puede enviar su CV?<\/p>\n<p>[\/vc_column_text][vc_column_text css=&#8221;&#8221;]Pueden formar parte de la bolsa de trabajo las personas que hayan cursado alguna de nuestras formaciones de <strong>M\u00e1ster o Posgrado<\/strong>:<\/p>\n<ul>\n<li>Postgrado en Intervenci\u00f3n Familiar Socioeducativa<\/li>\n<li>M\u00e1ster en Terapia Familiar Socioeducativa<\/li>\n<li>Postgrado en Pr\u00e1cticas Supervisadas en Terapia Familiar<\/li>\n<\/ul>\n<p>[\/vc_column_text][\/vc_column][vc_column width=&#8221;1\/2&#8243;][vc_single_image image=&#8221;11723&#8243; img_size=&#8221;full&#8221; css=&#8221;&#8221;][\/vc_column][\/vc_row][vc_row][vc_column][vc_empty_space height=&#8221;40px&#8221;][\/vc_column][\/vc_row][\/vc_section][vc_row full_width=&#8221;stretch_row&#8221; bg_type=&#8221;image&#8221; parallax_style=&#8221;vcpb-default&#8221; bg_image_new=&#8221;id^7607|url^https:\/\/itinere.eduvic.coop\/wp-content\/uploads\/2023\/05\/9.jpeg|caption^null|alt^null|title^null|description^null&#8221; css=&#8221;.vc_custom_1772620270961{background-position: center !important;background-repeat: no-repeat !important;background-size: cover !important;}&#8221; el_id=&#8221;Contacte&#8221;][vc_column css=&#8221;.vc_custom_1774546656985{padding-top: 50px !important;padding-bottom: 50px !important;background-position: center !important;background-repeat: no-repeat !important;background-size: cover !important;}&#8221;]<div class=\"ult-content-box-container box-form-feina\" >\t\t<div class=\"ult-content-box\" style=\"box-shadow: px px px px none;-webkit-transition: all 700ms ease;-moz-transition: all 700ms ease;-ms-transition: all 700ms ease;-o-transition: all 700ms ease;transition: all 700ms ease;\"  data-hover_box_shadow=\"none\"    >[vc_column_text css=&#8221;&#8221;]<\/p>\n<h3>Env\u00edanos tu CV a trav\u00e9s del formulario<\/h3>\n<p>[\/vc_column_text]<style id=\"wpforms-css-vars-11739\">\n\t\t\t\t#wpforms-11739 {\n\t\t\t\t--wpforms-field-size-input-height: 43px;\n--wpforms-field-size-input-spacing: 15px;\n--wpforms-field-size-font-size: 16px;\n--wpforms-field-size-line-height: 19px;\n--wpforms-field-size-padding-h: 14px;\n--wpforms-field-size-checkbox-size: 16px;\n--wpforms-field-size-sublabel-spacing: 5px;\n--wpforms-field-size-icon-size: 1;\n--wpforms-label-size-font-size: 16px;\n--wpforms-label-size-line-height: 19px;\n--wpforms-label-size-sublabel-font-size: 14px;\n--wpforms-label-size-sublabel-line-height: 17px;\n--wpforms-button-size-font-size: 17px;\n--wpforms-button-size-height: 41px;\n--wpforms-button-size-padding-h: 15px;\n--wpforms-button-size-margin-top: 10px;\n--wpforms-container-shadow-size-box-shadow: none;\n\t\t\t}\n\t\t\t<\/style><div class=\"wpforms-container wpforms-container-full form-feina wpforms-render-modern\" id=\"wpforms-11739\"><form id=\"wpforms-form-11739\" class=\"wpforms-validate wpforms-form wpforms-ajax-form\" data-formid=\"11739\" method=\"post\" enctype=\"multipart\/form-data\" action=\"\/es\/wp-json\/wp\/v2\/pages\/11758?wpforms_form_id=11739\" data-token=\"a68ce41b3852599f2be012ad5d994d0a\" data-token-time=\"1778887857\"><noscript class=\"wpforms-error-noscript\">Por favor, activa JavaScript en tu navegador para completar este formulario.<\/noscript><div id=\"wpforms-error-noscript\" style=\"display: none;\">Por favor, activa JavaScript en tu navegador para completar este formulario.<\/div><div class=\"wpforms-field-container\"><div id=\"wpforms-11739-field_3-container\" class=\"wpforms-field wpforms-field-layout\" data-field-id=\"3\"><div class=\"wpforms-field-layout-rows wpforms-field-large\"><div class=\"wpforms-layout-row\"><div class=\"wpforms-layout-column wpforms-layout-column-50\"><div id=\"wpforms-11739-field_1-container\" class=\"wpforms-field wpforms-field-name\" data-field-id=\"1\"><label class=\"wpforms-field-label\" for=\"wpforms-11739-field_1\">Nombre <span class=\"wpforms-required-label\" aria-hidden=\"true\">*<\/span><\/label><input type=\"text\" id=\"wpforms-11739-field_1\" class=\"wpforms-field-medium wpforms-field-required\" name=\"wpforms[fields][1]\" aria-errormessage=\"wpforms-11739-field_1-error\" required><\/div><\/div><div class=\"wpforms-layout-column wpforms-layout-column-50\"><div id=\"wpforms-11739-field_2-container\" class=\"wpforms-field wpforms-field-name\" data-field-id=\"2\"><label class=\"wpforms-field-label\" for=\"wpforms-11739-field_2\">Apellidos <span class=\"wpforms-required-label\" aria-hidden=\"true\">*<\/span><\/label><input type=\"text\" id=\"wpforms-11739-field_2\" class=\"wpforms-field-medium wpforms-field-required\" name=\"wpforms[fields][2]\" aria-errormessage=\"wpforms-11739-field_2-error\" required><\/div><\/div><\/div><div class=\"wpforms-layout-row\"><div class=\"wpforms-layout-column wpforms-layout-column-50\"><div id=\"wpforms-11739-field_8-container\" class=\"wpforms-field wpforms-field-email\" data-field-id=\"8\"><label class=\"wpforms-field-label\" for=\"wpforms-11739-field_8\">Correo electr\u00f3nico <span class=\"wpforms-required-label\" aria-hidden=\"true\">*<\/span><\/label><input type=\"email\" id=\"wpforms-11739-field_8\" class=\"wpforms-field-medium wpforms-field-required\" name=\"wpforms[fields][8]\" spellcheck=\"false\" aria-errormessage=\"wpforms-11739-field_8-error\" required><\/div><\/div><div class=\"wpforms-layout-column wpforms-layout-column-50\"><div id=\"wpforms-11739-field_10-container\" class=\"wpforms-field wpforms-field-phone\" data-field-id=\"10\"><label class=\"wpforms-field-label\" for=\"wpforms-11739-field_10\">Tel\u00e9fono de contacto <span class=\"wpforms-required-label\" aria-hidden=\"true\">*<\/span><\/label><input type=\"tel\" id=\"wpforms-11739-field_10\" class=\"wpforms-field-medium wpforms-field-required wpforms-smart-phone-field\" data-rule-smart-phone-field=\"true\" name=\"wpforms[fields][10]\" aria-label=\"Tel\u00e9fono de contacto\" aria-errormessage=\"wpforms-11739-field_10-error\" required><\/div><\/div><\/div><\/div><\/div><div id=\"wpforms-11739-field_19-container\" class=\"wpforms-field wpforms-field-name\" data-field-id=\"19\"><label class=\"wpforms-field-label\" for=\"wpforms-11739-field_19\">M\u00e1ster o Postgrado de Itinere cursado <span class=\"wpforms-required-label\" aria-hidden=\"true\">*<\/span><\/label><input type=\"text\" id=\"wpforms-11739-field_19\" class=\"wpforms-field-medium wpforms-field-required\" name=\"wpforms[fields][19]\" aria-errormessage=\"wpforms-11739-field_19-error\" required><\/div><div id=\"wpforms-11739-field_20-container\" class=\"wpforms-field wpforms-field-textarea\" data-field-id=\"20\"><label class=\"wpforms-field-label\" for=\"wpforms-11739-field_20\">Comentarios<\/label><textarea id=\"wpforms-11739-field_20\" class=\"wpforms-field-medium\" name=\"wpforms[fields][20]\" aria-errormessage=\"wpforms-11739-field_20-error\" ><\/textarea><\/div>\t\t<div id=\"wpforms-11739-field_4-container\"\n\t\t\tclass=\"wpforms-field wpforms-field-text\"\n\t\t\tdata-field-type=\"text\"\n\t\t\tdata-field-id=\"4\"\n\t\t\t>\n\t\t\t<label class=\"wpforms-field-label\" for=\"wpforms-11739-field_4\" >cursado Apellidos Aceptaci\u00f3n<\/label>\n\t\t\t<input type=\"text\" id=\"wpforms-11739-field_4\" class=\"wpforms-field-medium\" name=\"wpforms[fields][4]\" >\n\t\t<\/div>\n\t\t<div id=\"wpforms-11739-field_11-container\" class=\"wpforms-field wpforms-field-file-upload\" data-field-id=\"11\"><label class=\"wpforms-field-label\" for=\"wpforms-11739-field_11\">Curr\u00edculum CV <span class=\"wpforms-required-label\" aria-hidden=\"true\">*<\/span><\/label><div\n\t\tclass=\"wpforms-uploader wpforms-field-required\"\n\t\tdata-field-id=\"11\"\n\t\tdata-form-id=\"11739\"\n\t\tdata-input-name=\"wpforms_11739_11\"\n\t\tdata-extensions=\"pdf\"\n\t\tdata-max-size=\"2147483648\"\n\t\tdata-max-file-number=\"3\"\n\t\tdata-post-max-size=\"1073741824\"\n\t\tdata-max-parallel-uploads=\"4\"\n\t\tdata-parallel-uploads=\"true\"\n\t\tdata-file-chunk-size=\"2097152\">\n\t<div class=\"dz-message\">\n\t\t<svg  viewBox=\"0 0 640 640\" focusable=\"false\" data-icon=\"inbox\" width=\"50px\" height=\"50px\" fill=\"currentColor\" aria-hidden=\"true\">\n\t\t\t<path d=\"M352 173.3L352 384C352 401.7 337.7 416 320 416C302.3 416 288 401.7 288 384L288 173.3L246.6 214.7C234.1 227.2 213.8 227.2 201.3 214.7C188.8 202.2 188.8 181.9 201.3 169.4L297.3 73.4C309.8 60.9 330.1 60.9 342.6 73.4L438.6 169.4C451.1 181.9 451.1 202.2 438.6 214.7C426.1 227.2 405.8 227.2 393.3 214.7L352 173.3zM320 464C364.2 464 400 428.2 400 384L480 384C515.3 384 544 412.7 544 448L544 480C544 515.3 515.3 544 480 544L160 544C124.7 544 96 515.3 96 480L96 448C96 412.7 124.7 384 160 384L240 384C240 428.2 275.8 464 320 464zM464 488C477.3 488 488 477.3 488 464C488 450.7 477.3 440 464 440C450.7 440 440 450.7 440 464C440 477.3 450.7 488 464 488z\"\/>\n\t\t<\/svg>\n\n\t\t<span class=\"modern-title\">\n\t\t\t\t\t\t\tArrastrar y soltar archivos,\t\t\t\t<span>Seleccione los archivos para subir.<\/span>\n\t\t\t\t\t<\/span>\n\n\t\t\t\t\t<span class=\"modern-hint\">Puedes subir hasta 3 archivos.<\/span>\n\t\t\t<\/div>\n<\/div>\n\n<input\n\t\ttype=\"text\"\n\t\tautocomplete=\"off\"\n\t\treadonly\n\t\tclass=\"dropzone-input\"\n\t\tstyle=\"position:absolute!important;clip:rect(0,0,0,0)!important;height:1px!important;width:1px!important;border:0!important;overflow:hidden!important;padding:0!important;margin:0!important;\"\n\t\tid=\"wpforms-11739-field_11\"\n\t\tname=\"wpforms_11739_11\" required\t\tvalue=\"\">\n<div id=\"wpforms-11739-field_11-description\" class=\"wpforms-field-description\">Formatos permitidos: .pdf;<\/div><\/div><div id=\"wpforms-11739-field_18-container\" class=\"wpforms-field wpforms-field-checkbox\" data-field-id=\"18\"><fieldset><legend class=\"wpforms-field-label wpforms-label-hide\" aria-hidden=\"false\">Aceptaci\u00f3n Privacidad <span class=\"wpforms-required-label\" aria-hidden=\"true\">*<\/span><\/legend><ul id=\"wpforms-11739-field_18\" class=\"wpforms-field-required\"><li class=\"choice-1 depth-1\"><input type=\"checkbox\" id=\"wpforms-11739-field_18_1\" name=\"wpforms[fields][18][]\" value=\"He le\u00eddo y acepto la &lt;a target=&quot;_blank&quot; href=&quot;https:\/\/itinere.eduvic.coop\/es\/politica-privacidad\/&quot;&gt;Pol\u00edtica de Privacidad *&lt;\/a&gt;\" aria-errormessage=\"wpforms-11739-field_18_1-error\" required ><label class=\"wpforms-field-label-inline\" for=\"wpforms-11739-field_18_1\">He le\u00eddo y acepto la <a target=\"_blank\" href=\"https:\/\/itinere.eduvic.coop\/es\/politica-privacidad\/\">Pol\u00edtica de Privacidad *<\/a><\/label><\/li><\/ul><\/fieldset><\/div><div id=\"wpforms-11739-field_21-container\" class=\"wpforms-field wpforms-field-checkbox\" data-field-id=\"21\"><fieldset><legend class=\"wpforms-field-label wpforms-label-hide\" aria-hidden=\"false\">Aceptaci\u00f3n Publicidad <span class=\"wpforms-required-label\" aria-hidden=\"true\">*<\/span><\/legend><ul id=\"wpforms-11739-field_21\" class=\"wpforms-field-required\"><li class=\"choice-1 depth-1\"><input type=\"checkbox\" id=\"wpforms-11739-field_21_1\" name=\"wpforms[fields][21][]\" value=\"Quiero recibir noticias sobre la escuela a trav\u00e9s del correo electr\u00f3nico\" aria-errormessage=\"wpforms-11739-field_21_1-error\" required ><label class=\"wpforms-field-label-inline\" for=\"wpforms-11739-field_21_1\">Quiero recibir noticias sobre la escuela a trav\u00e9s del correo electr\u00f3nico<\/label><\/li><\/ul><\/fieldset><\/div><div id=\"wpforms-11739-field_17-container\" class=\"wpforms-field wpforms-field-checkbox ofertes-feina-descripcio\" data-field-id=\"17\"><fieldset><legend class=\"wpforms-field-label wpforms-label-hide\" aria-hidden=\"false\">Aceptaci\u00f3n GDPR <span class=\"wpforms-required-label\" aria-hidden=\"true\">*<\/span><\/legend><ul id=\"wpforms-11739-field_17\" class=\"wpforms-field-required\"><li class=\"choice-1 depth-1\"><input type=\"checkbox\" id=\"wpforms-11739-field_17_1\" name=\"wpforms[fields][17][]\" value=\"Acepto que este sitio web almacene la informaci\u00f3n que he enviado para que puedan responder a mi solicitud.\" aria-errormessage=\"wpforms-11739-field_17_1-error\" aria-describedby=\"wpforms-11739-field_17-description\" required ><label class=\"wpforms-field-label-inline\" for=\"wpforms-11739-field_17_1\">Acepto que este sitio web almacene la informaci\u00f3n que he enviado para que puedan responder a mi solicitud.<\/label><\/li><\/ul><div id=\"wpforms-11739-field_17-description\" class=\"wpforms-field-description\">EDUVIC Itinere es responsable del tratamiento de los datos de car\u00e1cter personal de las personas candidatas a un puesto de trabajo. De acuerdo con la legislaci\u00f3n vigente en materia de protecci\u00f3n de datos, informamos que tratamos la informaci\u00f3n que nos facilita por los procesos de selecci\u00f3n que se produzcan, en base a la legitimaci\u00f3n del consentimiento inequ\u00edvoco que nos confiere al entregarnos su CV. Los datos proporcionados no se ceder\u00e1n a terceros y se conservar\u00e1n hasta la adjudicaci\u00f3n de un puesto de trabajo o hasta que ejerza el derecho de supresi\u00f3n. Puede ejercer los derechos de acceso, rectificaci\u00f3n, supresi\u00f3n, limitaci\u00f3n del tratamiento, portabilidad y de oposici\u00f3n dirigi\u00e9ndose por escrito, adjuntando fotocopia de documento identificativo, a la direcci\u00f3n o correo electr\u00f3nico correspondiente. Asimismo, puede dirigirse tambi\u00e9n a la Agencia Espa\u00f1ola de Protecci\u00f3n de Datos (https:\/\/www.aepd.es\n), especialmente cuando considere que no se ha satisfecho debidamente el ejercicio de sus derechos.<\/div><\/fieldset><\/div><script>\n\t\t\t\t( function() {\n\t\t\t\t\tconst style = document.createElement( 'style' );\n\t\t\t\t\tstyle.appendChild( document.createTextNode( '#wpforms-11739-field_4-container { position: absolute !important; overflow: hidden !important; display: inline !important; height: 1px !important; width: 1px !important; z-index: -1000 !important; padding: 0 !important; } #wpforms-11739-field_4-container input { visibility: hidden; } #wpforms-conversational-form-page #wpforms-11739-field_4-container label { counter-increment: none; }' ) );\n\t\t\t\t\tdocument.head.appendChild( style );\n\t\t\t\t\tdocument.currentScript?.remove();\n\t\t\t\t} )();\n\t\t\t<\/script><\/div><!-- .wpforms-field-container --><div class=\"wpforms-submit-container\" ><input type=\"hidden\" name=\"wpforms[id]\" value=\"11739\"><input type=\"hidden\" name=\"page_title\" value=\"\"><input type=\"hidden\" name=\"page_url\" value=\"https:\/\/itinere.eduvic.coop\/es\/wp-json\/wp\/v2\/pages\/11758\"><input type=\"hidden\" name=\"url_referer\" value=\"\"><button type=\"submit\" name=\"wpforms[submit]\" id=\"wpforms-submit-11739\" class=\"wpforms-submit btn-form-feina\" data-alt-text=\"Enviando...\" data-submit-text=\"Enviar\" aria-live=\"assertive\" value=\"wpforms-submit\">Enviar<\/button><img loading=\"lazy\" decoding=\"async\" src=\"https:\/\/itinere.eduvic.coop\/wp-content\/plugins\/wpforms\/assets\/images\/submit-spin.svg\" class=\"wpforms-submit-spinner\" style=\"display: none;\" width=\"26\" height=\"26\" alt=\"Cargando\"><\/div><\/form><\/div>  <!-- .wpforms-container -->\t\t<\/div><\/div>[\/vc_column][\/vc_row]<\/p>\n<\/div>","protected":false},"excerpt":{"rendered":"<p>[vc_section][vc_row full_width=&#8221;stretch_row&#8221; css=&#8221;.vc_custom_1741706889520{background-position: center !important;background-repeat: no-repeat !important;background-size: cover !important;}&#8221; el_class=&#8221;header-page&#8221;][vc_column][vc_empty_space height=&#8221;20px&#8221;][vc_column_text css=&#8221;&#8221;] Bolsa de trabajo [\/vc_column_text][vc_column_text css=&#8221;&#8221;] Oportunidades profesionales para personas formadas en EDUVIC \u00b7 Itinere [\/vc_column_text][vc_empty_space height=&#8221;10px&#8221;][\/vc_column][\/vc_row][\/vc_section][vc_section][vc_row][vc_column][vc_empty_space height=&#8221;40px&#8221;][\/vc_column][\/vc_row][vc_row][vc_column width=&#8221;1\/2&#8243;][vc_column_text css=&#8221;&#8221;] En EDUVIC \u00b7 Itinere entendemos la formaci\u00f3n como un proceso que no se acaba en el aula. Apostamos por la continuidad profesional de nuestro alumnado y por la creaci\u00f3n &#8230; <\/p>\n<p class=\"read-more-container\"><a title=\"Bolsa de Trabajo\" class=\"read-more button\" href=\"https:\/\/itinere.eduvic.coop\/es\/bolsa-de-trabajo\/#more-11758\" aria-label=\"Leer m\u00e1s sobre Bolsa de Trabajo\">Llegir m\u00e9s<\/a><\/p>\n","protected":false},"author":4,"featured_media":0,"parent":0,"menu_order":0,"comment_status":"closed","ping_status":"closed","template":"","meta":{"_acf_changed":false,"footnotes":""},"class_list":{"0":"post-11758","1":"page","2":"type-page","3":"status-publish","5":"infinite-scroll-item"},"acf":[],"yoast_head":"<!-- This site is optimized with the Yoast SEO plugin v27.4 - https:\/\/yoast.com\/product\/yoast-seo-wordpress\/ -->\n<title>Bolsa de Trabajo - EDUVIC \u00b7 Itinere<\/title>\n<meta name=\"description\" content=\"Bolsa de trabajo para exalumnado de EDUVIC \u00b7 Itinere. Env\u00edanos tus datos para acceder a oportunidades profesionales.\" \/>\n<meta name=\"robots\" content=\"index, follow, max-snippet:-1, max-image-preview:large, max-video-preview:-1\" \/>\n<link rel=\"canonical\" href=\"https:\/\/itinere.eduvic.coop\/es\/bolsa-de-trabajo\/\" \/>\n<meta property=\"og:locale\" content=\"es_ES\" \/>\n<meta property=\"og:type\" content=\"article\" \/>\n<meta property=\"og:title\" content=\"Bolsa de Trabajo - EDUVIC \u00b7 Itinere\" \/>\n<meta property=\"og:description\" content=\"Bolsa de trabajo para exalumnado de EDUVIC \u00b7 Itinere. Env\u00edanos tus datos para acceder a oportunidades profesionales.\" \/>\n<meta property=\"og:url\" content=\"https:\/\/itinere.eduvic.coop\/es\/bolsa-de-trabajo\/\" \/>\n<meta property=\"og:site_name\" content=\"EDUVIC \u00b7 Itinere\" \/>\n<meta property=\"article:modified_time\" content=\"2026-04-07T07:17:29+00:00\" \/>\n<meta name=\"twitter:card\" content=\"summary_large_image\" \/>\n<meta name=\"twitter:label1\" content=\"Tiempo de lectura\" \/>\n\t<meta name=\"twitter:data1\" content=\"2 minutos\" \/>\n<script type=\"application\/ld+json\" class=\"yoast-schema-graph\">{\"@context\":\"https:\\\/\\\/schema.org\",\"@graph\":[{\"@type\":\"WebPage\",\"@id\":\"https:\\\/\\\/itinere.eduvic.coop\\\/es\\\/bolsa-de-trabajo\\\/\",\"url\":\"https:\\\/\\\/itinere.eduvic.coop\\\/es\\\/bolsa-de-trabajo\\\/\",\"name\":\"Bolsa de Trabajo - EDUVIC \u00b7 Itinere\",\"isPartOf\":{\"@id\":\"https:\\\/\\\/itinere.eduvic.coop\\\/es\\\/#website\"},\"datePublished\":\"2026-03-26T17:49:51+00:00\",\"dateModified\":\"2026-04-07T07:17:29+00:00\",\"description\":\"Bolsa de trabajo para exalumnado de EDUVIC \u00b7 Itinere. Env\u00edanos tus datos para acceder a oportunidades profesionales.\",\"breadcrumb\":{\"@id\":\"https:\\\/\\\/itinere.eduvic.coop\\\/es\\\/bolsa-de-trabajo\\\/#breadcrumb\"},\"inLanguage\":\"es\",\"potentialAction\":[{\"@type\":\"ReadAction\",\"target\":[\"https:\\\/\\\/itinere.eduvic.coop\\\/es\\\/bolsa-de-trabajo\\\/\"]}]},{\"@type\":\"BreadcrumbList\",\"@id\":\"https:\\\/\\\/itinere.eduvic.coop\\\/es\\\/bolsa-de-trabajo\\\/#breadcrumb\",\"itemListElement\":[{\"@type\":\"ListItem\",\"position\":1,\"name\":\"Inici\",\"item\":\"https:\\\/\\\/itinere.eduvic.coop\\\/es\\\/\"},{\"@type\":\"ListItem\",\"position\":2,\"name\":\"Bolsa de Trabajo\"}]},{\"@type\":\"WebSite\",\"@id\":\"https:\\\/\\\/itinere.eduvic.coop\\\/es\\\/#website\",\"url\":\"https:\\\/\\\/itinere.eduvic.coop\\\/es\\\/\",\"name\":\"EDUVIC \u00b7 Itinere\",\"description\":\"\",\"publisher\":{\"@id\":\"https:\\\/\\\/itinere.eduvic.coop\\\/es\\\/#organization\"},\"potentialAction\":[{\"@type\":\"SearchAction\",\"target\":{\"@type\":\"EntryPoint\",\"urlTemplate\":\"https:\\\/\\\/itinere.eduvic.coop\\\/es\\\/?s={search_term_string}\"},\"query-input\":{\"@type\":\"PropertyValueSpecification\",\"valueRequired\":true,\"valueName\":\"search_term_string\"}}],\"inLanguage\":\"es\"},{\"@type\":\"Organization\",\"@id\":\"https:\\\/\\\/itinere.eduvic.coop\\\/es\\\/#organization\",\"name\":\"EDUVIC \u00b7 Itinere\",\"url\":\"https:\\\/\\\/itinere.eduvic.coop\\\/es\\\/\",\"logo\":{\"@type\":\"ImageObject\",\"inLanguage\":\"es\",\"@id\":\"https:\\\/\\\/itinere.eduvic.coop\\\/es\\\/#\\\/schema\\\/logo\\\/image\\\/\",\"url\":\"https:\\\/\\\/itinere.eduvic.coop\\\/wp-content\\\/uploads\\\/2024\\\/04\\\/EDUVIC-ITINERE-2024.png\",\"contentUrl\":\"https:\\\/\\\/itinere.eduvic.coop\\\/wp-content\\\/uploads\\\/2024\\\/04\\\/EDUVIC-ITINERE-2024.png\",\"width\":5486,\"height\":2647,\"caption\":\"EDUVIC \u00b7 Itinere\"},\"image\":{\"@id\":\"https:\\\/\\\/itinere.eduvic.coop\\\/es\\\/#\\\/schema\\\/logo\\\/image\\\/\"},\"sameAs\":[\"https:\\\/\\\/www.instagram.com\\\/eduvic.itinere\\\/\",\"https:\\\/\\\/www.linkedin.com\\\/company\\\/82385485\\\/admin\\\/feed\\\/posts\\\/\"]}]}<\/script>\n<!-- \/ Yoast SEO plugin. -->","yoast_head_json":{"title":"Bolsa de Trabajo - EDUVIC \u00b7 Itinere","description":"Bolsa de trabajo para exalumnado de EDUVIC \u00b7 Itinere. Env\u00edanos tus datos para acceder a oportunidades profesionales.","robots":{"index":"index","follow":"follow","max-snippet":"max-snippet:-1","max-image-preview":"max-image-preview:large","max-video-preview":"max-video-preview:-1"},"canonical":"https:\/\/itinere.eduvic.coop\/es\/bolsa-de-trabajo\/","og_locale":"es_ES","og_type":"article","og_title":"Bolsa de Trabajo - EDUVIC \u00b7 Itinere","og_description":"Bolsa de trabajo para exalumnado de EDUVIC \u00b7 Itinere. Env\u00edanos tus datos para acceder a oportunidades profesionales.","og_url":"https:\/\/itinere.eduvic.coop\/es\/bolsa-de-trabajo\/","og_site_name":"EDUVIC \u00b7 Itinere","article_modified_time":"2026-04-07T07:17:29+00:00","twitter_card":"summary_large_image","twitter_misc":{"Tiempo de lectura":"2 minutos"},"schema":{"@context":"https:\/\/schema.org","@graph":[{"@type":"WebPage","@id":"https:\/\/itinere.eduvic.coop\/es\/bolsa-de-trabajo\/","url":"https:\/\/itinere.eduvic.coop\/es\/bolsa-de-trabajo\/","name":"Bolsa de Trabajo - EDUVIC \u00b7 Itinere","isPartOf":{"@id":"https:\/\/itinere.eduvic.coop\/es\/#website"},"datePublished":"2026-03-26T17:49:51+00:00","dateModified":"2026-04-07T07:17:29+00:00","description":"Bolsa de trabajo para exalumnado de EDUVIC \u00b7 Itinere. Env\u00edanos tus datos para acceder a oportunidades profesionales.","breadcrumb":{"@id":"https:\/\/itinere.eduvic.coop\/es\/bolsa-de-trabajo\/#breadcrumb"},"inLanguage":"es","potentialAction":[{"@type":"ReadAction","target":["https:\/\/itinere.eduvic.coop\/es\/bolsa-de-trabajo\/"]}]},{"@type":"BreadcrumbList","@id":"https:\/\/itinere.eduvic.coop\/es\/bolsa-de-trabajo\/#breadcrumb","itemListElement":[{"@type":"ListItem","position":1,"name":"Inici","item":"https:\/\/itinere.eduvic.coop\/es\/"},{"@type":"ListItem","position":2,"name":"Bolsa de Trabajo"}]},{"@type":"WebSite","@id":"https:\/\/itinere.eduvic.coop\/es\/#website","url":"https:\/\/itinere.eduvic.coop\/es\/","name":"EDUVIC \u00b7 Itinere","description":"","publisher":{"@id":"https:\/\/itinere.eduvic.coop\/es\/#organization"},"potentialAction":[{"@type":"SearchAction","target":{"@type":"EntryPoint","urlTemplate":"https:\/\/itinere.eduvic.coop\/es\/?s={search_term_string}"},"query-input":{"@type":"PropertyValueSpecification","valueRequired":true,"valueName":"search_term_string"}}],"inLanguage":"es"},{"@type":"Organization","@id":"https:\/\/itinere.eduvic.coop\/es\/#organization","name":"EDUVIC \u00b7 Itinere","url":"https:\/\/itinere.eduvic.coop\/es\/","logo":{"@type":"ImageObject","inLanguage":"es","@id":"https:\/\/itinere.eduvic.coop\/es\/#\/schema\/logo\/image\/","url":"https:\/\/itinere.eduvic.coop\/wp-content\/uploads\/2024\/04\/EDUVIC-ITINERE-2024.png","contentUrl":"https:\/\/itinere.eduvic.coop\/wp-content\/uploads\/2024\/04\/EDUVIC-ITINERE-2024.png","width":5486,"height":2647,"caption":"EDUVIC \u00b7 Itinere"},"image":{"@id":"https:\/\/itinere.eduvic.coop\/es\/#\/schema\/logo\/image\/"},"sameAs":["https:\/\/www.instagram.com\/eduvic.itinere\/","https:\/\/www.linkedin.com\/company\/82385485\/admin\/feed\/posts\/"]}]}},"_links":{"self":[{"href":"https:\/\/itinere.eduvic.coop\/es\/wp-json\/wp\/v2\/pages\/11758","targetHints":{"allow":["GET"]}}],"collection":[{"href":"https:\/\/itinere.eduvic.coop\/es\/wp-json\/wp\/v2\/pages"}],"about":[{"href":"https:\/\/itinere.eduvic.coop\/es\/wp-json\/wp\/v2\/types\/page"}],"author":[{"embeddable":true,"href":"https:\/\/itinere.eduvic.coop\/es\/wp-json\/wp\/v2\/users\/4"}],"replies":[{"embeddable":true,"href":"https:\/\/itinere.eduvic.coop\/es\/wp-json\/wp\/v2\/comments?post=11758"}],"version-history":[{"count":6,"href":"https:\/\/itinere.eduvic.coop\/es\/wp-json\/wp\/v2\/pages\/11758\/revisions"}],"predecessor-version":[{"id":11773,"href":"https:\/\/itinere.eduvic.coop\/es\/wp-json\/wp\/v2\/pages\/11758\/revisions\/11773"}],"wp:attachment":[{"href":"https:\/\/itinere.eduvic.coop\/es\/wp-json\/wp\/v2\/media?parent=11758"}],"curies":[{"name":"wp","href":"https:\/\/api.w.org\/{rel}","templated":true}]}}