{"id":11494,"date":"2023-04-13T16:53:27","date_gmt":"2023-04-13T15:53:27","guid":{"rendered":"https:\/\/itinere.eduvic.coop\/comprar-entrades-traumalab-2026\/"},"modified":"2025-12-22T11:33:36","modified_gmt":"2025-12-22T10:33:36","slug":"comprar-entradas-traumalab-2026","status":"publish","type":"page","link":"https:\/\/itinere.eduvic.coop\/es\/comprar-entradas-traumalab-2026\/","title":{"rendered":"Comprar entradas &#8211; TraumaLAB 2026"},"content":{"rendered":"<div class=\"wpb-content-wrapper\"><p>[vc_section][vc_row][vc_column][vc_tta_tabs style=&#8221;modern&#8221; color=&#8221;white&#8221; active_section=&#8221;899&#8243; css_animation=&#8221;fadeIn&#8221;][vc_tta_section i_icon_fontawesome=&#8221;fa fa-solid fa-laptop&#8221; add_icon=&#8221;true&#8221; title=&#8221;Entrada online&#8221; tab_id=&#8221;online&#8221;]<style id=\"wpforms-css-vars-11435\">\n\t\t\t\t#wpforms-11435 {\n\t\t\t\t--wpforms-field-size-input-height: 43px;\n--wpforms-field-size-input-spacing: 15px;\n--wpforms-field-size-font-size: 16px;\n--wpforms-field-size-line-height: 19px;\n--wpforms-field-size-padding-h: 14px;\n--wpforms-field-size-checkbox-size: 16px;\n--wpforms-field-size-sublabel-spacing: 5px;\n--wpforms-field-size-icon-size: 1;\n--wpforms-label-size-font-size: 16px;\n--wpforms-label-size-line-height: 19px;\n--wpforms-label-size-sublabel-font-size: 14px;\n--wpforms-label-size-sublabel-line-height: 17px;\n--wpforms-button-size-font-size: 17px;\n--wpforms-button-size-height: 41px;\n--wpforms-button-size-padding-h: 15px;\n--wpforms-button-size-margin-top: 10px;\n--wpforms-container-shadow-size-box-shadow: none;\n\t\t\t}\n\t\t\t<\/style><div class=\"wpforms-container wpforms-container-full wpforms-stripe form-botiga wpforms-render-modern\" id=\"wpforms-11435\"><form id=\"wpforms-form-11435\" class=\"wpforms-validate wpforms-form wpforms-ajax-form\" data-formid=\"11435\" method=\"post\" enctype=\"multipart\/form-data\" action=\"\/es\/wp-json\/wp\/v2\/pages\/11494\" data-token=\"99c91130351b3a150997cc1e0cb8773f\" data-token-time=\"1777881551\"><noscript class=\"wpforms-error-noscript\">Por favor, activa JavaScript en tu navegador para completar este formulario.<\/noscript><div id=\"wpforms-error-noscript\" style=\"display: none;\">Por favor, activa JavaScript en tu navegador para completar este formulario.<\/div><div class=\"wpforms-field-container\"><div id=\"wpforms-11435-field_2-container\" class=\"wpforms-field wpforms-field-payment-multiple wpforms-list-inline\" data-field-id=\"2\"><fieldset><legend class=\"wpforms-field-label wpforms-label-hide\" aria-hidden=\"false\">Tipos de entrada: <span class=\"wpforms-required-label\" aria-hidden=\"true\">*<\/span><\/legend><ul id=\"wpforms-11435-field_2\" class=\"wpforms-field-required wpforms-icon-choices wpforms-icon-choices-modern wpforms-icon-choices-large\" style=\"--wpforms-icon-choices-color: #702eab;\"><li class=\"choice-1 wpforms-icon-choices-item wpforms-selected\"><label class=\"wpforms-field-label-inline\" for=\"wpforms-11435-field_2_1\">\n\t\t\t\t<span class=\"wpforms-icon-choices-icon\">\n\t\t\t\t\t<svg xmlns=\"http:\/\/www.w3.org\/2000\/svg\" width=\"80\" height=\"64\" viewBox=\"0 0 640 512\"><!--! Font Awesome Free 6.4.0 by @fontawesome - https:\/\/fontawesome.com License - https:\/\/fontawesome.com\/license\/free (Icons: CC BY 4.0, Fonts: SIL OFL 1.1, Code: MIT License) Copyright 2023 Fonticons, Inc. --><path d=\"M128 32C92.7 32 64 60.7 64 96V352h64V96H512V352h64V96c0-35.3-28.7-64-64-64H128zM19.2 384C8.6 384 0 392.6 0 403.2C0 445.6 34.4 480 76.8 480H563.2c42.4 0 76.8-34.4 76.8-76.8c0-10.6-8.6-19.2-19.2-19.2H19.2z\"\/><\/svg>\n\t\t\t\t\t<span class=\"wpforms-icon-choices-icon-bg\"><\/span>\n\t\t\t\t<\/span>\n\t\t\t\t<input type=\"radio\" id=\"wpforms-11435-field_2_1\" class=\"wpforms-payment-price wpforms-screen-reader-element\" data-amount=\"50,00\" name=\"wpforms[fields][2]\" value=\"1\" aria-errormessage=\"wpforms-11435-field_2_1-error\" required  checked='checked'>\n\t\t\t\t<span class=\"wpforms-icon-choices-label\">Entrada online - <span class=\"wpforms-currency-symbol\">50,00 &euro;<\/span><\/span>\n\t\t\t<\/label><\/li><\/ul><\/fieldset><\/div><div id=\"wpforms-11435-field_22-container\" class=\"wpforms-field wpforms-field-divider\" data-field-id=\"22\"><h3 id=\"wpforms-11435-field_22\" aria-errormessage=\"wpforms-11435-field_22-error\">Datos de facturaci\u00f3n<\/h3><\/div><div id=\"wpforms-11435-field_10-container\" class=\"wpforms-field wpforms-field-layout\" data-field-id=\"10\"><div class=\"wpforms-field-layout-columns wpforms-field-layout-preset-50-50\"><div class=\"wpforms-layout-column wpforms-layout-column-50\" ><div id=\"wpforms-11435-field_26-container\" class=\"wpforms-field wpforms-field-name\" data-field-id=\"26\"><label class=\"wpforms-field-label\" for=\"wpforms-11435-field_26\">Nombre completo <span class=\"wpforms-required-label\" aria-hidden=\"true\">*<\/span><\/label><input type=\"text\" id=\"wpforms-11435-field_26\" class=\"wpforms-field-medium wpforms-field-required\" name=\"wpforms[fields][26]\" aria-errormessage=\"wpforms-11435-field_26-error\" required><\/div><div id=\"wpforms-11435-field_13-container\" class=\"wpforms-field wpforms-field-email\" data-field-id=\"13\"><label class=\"wpforms-field-label\" for=\"wpforms-11435-field_13\">Correo electr\u00f3nico <span class=\"wpforms-required-label\" aria-hidden=\"true\">*<\/span><\/label><input type=\"email\" id=\"wpforms-11435-field_13\" class=\"wpforms-field-medium wpforms-field-required\" name=\"wpforms[fields][13]\" spellcheck=\"false\" aria-errormessage=\"wpforms-11435-field_13-error\" required><\/div><div id=\"wpforms-11435-field_27-container\" class=\"wpforms-field wpforms-field-address\" data-field-id=\"27\"><fieldset><legend class=\"wpforms-field-label\">Direcci\u00f3n <span class=\"wpforms-required-label\" aria-hidden=\"true\">*<\/span><\/legend><div class=\"wpforms-field-row wpforms-field-medium\"><div ><input type=\"text\" id=\"wpforms-11435-field_27\" class=\"wpforms-field-address-address1 wpforms-field-required\" name=\"wpforms[fields][27][address1]\" placeholder=\"Direcci\u00f3n\" aria-errormessage=\"wpforms-11435-field_27-error\" required><label for=\"wpforms-11435-field_27\" class=\"wpforms-field-sublabel after wpforms-sublabel-hide\">Direcci\u00f3n (l\u00ednea 1)<\/label><\/div><\/div><div class=\"wpforms-field-row wpforms-field-medium\"><div class=\"wpforms-field-row-block wpforms-one-half wpforms-first\"><input type=\"text\" id=\"wpforms-11435-field_27-city\" class=\"wpforms-field-address-city wpforms-field-required\" name=\"wpforms[fields][27][city]\" placeholder=\"Ciudad\" aria-errormessage=\"wpforms-11435-field_27-city-error\" required><label for=\"wpforms-11435-field_27-city\" class=\"wpforms-field-sublabel after wpforms-sublabel-hide\">Ciudad<\/label><\/div><div class=\"wpforms-field-row-block wpforms-one-half\"><input type=\"text\" id=\"wpforms-11435-field_27-state\" class=\"wpforms-field-address-state wpforms-field-required\" name=\"wpforms[fields][27][state]\" placeholder=\"Provincia\" aria-errormessage=\"wpforms-11435-field_27-state-error\" required><label for=\"wpforms-11435-field_27-state\" class=\"wpforms-field-sublabel after wpforms-sublabel-hide\">Estado \/ Provincia \/ Regi\u00f3n<\/label><\/div><\/div><div class=\"wpforms-field-row wpforms-field-medium\"><div class=\"wpforms-field-row-block wpforms-one-half wpforms-first\"><input type=\"text\" id=\"wpforms-11435-field_27-postal\" class=\"wpforms-field-address-postal wpforms-field-required\" name=\"wpforms[fields][27][postal]\" placeholder=\"C\u00f3digo postal\" aria-errormessage=\"wpforms-11435-field_27-postal-error\" required><label for=\"wpforms-11435-field_27-postal\" class=\"wpforms-field-sublabel after wpforms-sublabel-hide\">C\u00f3digo postal<\/label><\/div><\/div><\/fieldset><\/div><\/div><div class=\"wpforms-layout-column wpforms-layout-column-50\" ><div id=\"wpforms-11435-field_14-container\" class=\"wpforms-field wpforms-field-text\" data-field-id=\"14\"><label class=\"wpforms-field-label\" for=\"wpforms-11435-field_14\">DNI\/NIF\/NIE <span class=\"wpforms-required-label\" aria-hidden=\"true\">*<\/span><\/label><input type=\"text\" id=\"wpforms-11435-field_14\" class=\"wpforms-field-medium wpforms-field-required\" name=\"wpforms[fields][14]\" aria-errormessage=\"wpforms-11435-field_14-error\" required><\/div><div id=\"wpforms-11435-field_12-container\" class=\"wpforms-field wpforms-field-phone\" data-field-id=\"12\"><label class=\"wpforms-field-label\" for=\"wpforms-11435-field_12\">Tel\u00e9fono <span class=\"wpforms-required-label\" aria-hidden=\"true\">*<\/span><\/label><input type=\"tel\" id=\"wpforms-11435-field_12\" class=\"wpforms-field-medium wpforms-field-required wpforms-smart-phone-field\" data-rule-smart-phone-field=\"true\" name=\"wpforms[fields][12]\" aria-label=\"Tel\u00e9fono\" aria-errormessage=\"wpforms-11435-field_12-error\" required><\/div><\/div><\/div><\/div><div id=\"wpforms-11435-field_21-container\" class=\"wpforms-field wpforms-field-divider\" data-field-id=\"21\"><h3 id=\"wpforms-11435-field_21\" aria-errormessage=\"wpforms-11435-field_21-error\">Resumen de tu compra<\/h3><\/div><div id=\"wpforms-11435-field_3-container\" class=\"wpforms-field wpforms-field-payment-coupon\" data-field-id=\"3\"><label class=\"wpforms-field-label\" for=\"wpforms-11435-field_3\">\u00bfTienes un cup\u00f3n de la preventa? Apl\u00edcalo a continuaci\u00f3n:<\/label><div class=\"wpforms-field-payment-coupon-wrapper\">\n\t\t\t\t<div class=\"wpforms-field-payment-coupon-input-wrapper\">\n\t\t\t\t\t<input type=\"text\" id=\"wpforms-11435-field_3\" class=\"wpforms-field-medium wpforms-field-payment-coupon-input\" data-rule-coupon=\"1\" name=\"wpforms[fields][3]\" aria-errormessage=\"wpforms-11435-field_3-error\" >\n\t\t\t\t<\/div>\n\t\t\t\t<button type=\"button\" aria-live=\"assertive\" class=\"wpforms-field-payment-coupon-button\">Aplica<\/button>\n\t\t\t<\/div>\n\t\t\t<div class=\"wpforms-field-payment-coupon-applied-coupons\"><\/div><\/div><div id=\"wpforms-11435-field_4-container\" class=\"wpforms-field wpforms-field-payment-total wpforms-field-medium wpforms-summary-enabled\" data-field-id=\"4\" aria-live=\"polite\" aria-atomic=\"true\"><label class=\"wpforms-field-label\">Total a pagar<\/label><div class=\"wpforms-order-summary-container\">\n\t<table class=\"wpforms-order-summary-preview\" cellpadding=\"0\" cellspacing=\"0\" width=\"100%\" role=\"presentation\">\n\t\t<caption style=\"display: none;\">Resumen del pedido<\/caption>\n\t\t<thead>\n\t\t\t<tr>\n\t\t\t\t<th class=\"wpforms-order-summary-item-label\" valign=\"top\">Art.<\/th>\n\t\t\t\t<th class=\"wpforms-order-summary-item-quantity\" valign=\"top\">\n\t\t\t\t\t<span class=\"wpforms-order-summary-item-quantity-label-full\">Cantidad<\/span>\n\t\t\t\t\t<span class=\"wpforms-order-summary-item-quantity-label-short\">Uds.<\/span>\n\t\t\t\t<\/th>\n\t\t\t\t<th class=\"wpforms-order-summary-item-price\" valign=\"top\" style=\"width:12ch;\">Total<\/th>\n\t\t\t<\/tr>\n\t\t<\/thead>\n\t\t<tbody>\n\t\t\t<tr class=\"wpforms-order-summary-placeholder wpforms-order-summary-placeholder-hidden\" style=\"display: none;\">\n\t\t\t\t<td colspan=\"3\" valign=\"top\">No hay productos seleccionados.<\/td>\n\t\t\t<\/tr>\n\t\t\t<tr class=\"wpforms-order-summary-field\" data-field=\"2\" data-choice=\"1\" ><td class=\"wpforms-order-summary-item-label\" valign=\"top\">Entrada online<\/td><td class=\"wpforms-order-summary-item-quantity\" valign=\"top\">1<\/td><td class=\"wpforms-order-summary-item-price\" valign=\"top\" style=\"width:12ch;\">50,00 &euro;<\/td><\/tr><tr class=\"wpforms-order-summary-preview-subtotal\" style=\"display:none;\"><td class=\"wpforms-order-summary-item-label\" valign=\"top\">Subtotal<\/td><td class=\"wpforms-order-summary-item-quantity\" valign=\"top\"><\/td><td class=\"wpforms-order-summary-item-price\" valign=\"top\" style=\"width:12ch;\"><\/td><\/tr><tr class=\"wpforms-order-summary-preview-coupon-total\" style=\"display:none;\"><td class=\"wpforms-order-summary-item-label\" valign=\"top\"><\/td><td class=\"wpforms-order-summary-item-quantity\" valign=\"top\"><\/td><td class=\"wpforms-order-summary-item-price\" valign=\"top\" style=\"width:12ch;\"><\/td><\/tr><tr class=\"wpforms-order-summary-preview-total\" ><td class=\"wpforms-order-summary-item-label\" valign=\"top\">Total<\/td><td class=\"wpforms-order-summary-item-quantity\" valign=\"top\"><\/td><td class=\"wpforms-order-summary-item-price\" valign=\"top\" style=\"width:12ch;\">50,00 &euro;<\/td><\/tr>\t\t<\/tbody>\n\t<\/table>\n<\/div>\n<div class=\"wpforms-payment-total\" style=\"display:none\">0,00 &euro;<\/div><input type=\"hidden\" id=\"wpforms-11435-field_4\" class=\"wpforms-field-medium wpforms-payment-total\" name=\"wpforms[fields][4]\" value=\"0\"><\/div>\t\t<div id=\"wpforms-11435-field_1-container\"\n\t\t\tclass=\"wpforms-field wpforms-field-text\"\n\t\t\tdata-field-type=\"text\"\n\t\t\tdata-field-id=\"1\"\n\t\t\t>\n\t\t\t<label class=\"wpforms-field-label\" for=\"wpforms-11435-field_1\" >tu DNI\/NIF\/NIE Tel\u00e9fono<\/label>\n\t\t\t<input type=\"text\" id=\"wpforms-11435-field_1\" class=\"wpforms-field-medium\" name=\"wpforms[fields][1]\" >\n\t\t<\/div>\n\t\t<div id=\"wpforms-11435-field_24-container\" class=\"wpforms-field wpforms-field-divider\" data-field-id=\"24\"><h3 id=\"wpforms-11435-field_24\" aria-errormessage=\"wpforms-11435-field_24-error\">Datos de pago<\/h3><\/div><div id=\"wpforms-11435-field_23-container\" class=\"wpforms-field wpforms-field-stripe-credit-card\" data-field-id=\"23\"><label class=\"wpforms-field-label\">Introduce tu forma de pago: <span class=\"wpforms-required-label\" aria-hidden=\"true\">*<\/span><\/label><div class=\"wpforms-field-row wpforms-no-columns wpforms-field-medium \" data-sublabel-position=\"floating\" data-link-email=\"\" data-required=\"1\"><div id=\"wpforms-field-stripe-link-element-11435\"><\/div><div id=\"wpforms-field-stripe-payment-element-11435\"><\/div><input type=\"text\" class=\"wpforms-stripe-credit-card-hidden-input\" name=\"wpforms[stripe-credit-card-hidden-input-11435]\" disabled style=\"display: none;\"><\/div><\/div><script>\n\t\t\t\t( function() {\n\t\t\t\t\tconst style = document.createElement( 'style' );\n\t\t\t\t\tstyle.appendChild( document.createTextNode( '#wpforms-11435-field_1-container { position: absolute !important; overflow: hidden !important; display: inline !important; height: 1px !important; width: 1px !important; z-index: -1000 !important; padding: 0 !important; } #wpforms-11435-field_1-container input { visibility: hidden; } #wpforms-conversational-form-page #wpforms-11435-field_1-container label { counter-increment: none; }' ) );\n\t\t\t\t\tdocument.head.appendChild( style );\n\t\t\t\t\tdocument.currentScript?.remove();\n\t\t\t\t} )();\n\t\t\t<\/script><\/div><!-- .wpforms-field-container --><div class=\"wpforms-submit-container\" ><input type=\"hidden\" name=\"wpforms[id]\" value=\"11435\"><input type=\"hidden\" name=\"page_title\" value=\"\"><input type=\"hidden\" name=\"page_url\" value=\"https:\/\/itinere.eduvic.coop\/es\/wp-json\/wp\/v2\/pages\/11494\"><input type=\"hidden\" name=\"url_referer\" value=\"\"><button type=\"submit\" name=\"wpforms[submit]\" id=\"wpforms-submit-11435\" class=\"wpforms-submit btn-form-botiga\" data-alt-text=\"Realizando el pago...\" data-submit-text=\"Comprar\" aria-live=\"assertive\" value=\"wpforms-submit\">Comprar<\/button><img loading=\"lazy\" decoding=\"async\" src=\"https:\/\/itinere.eduvic.coop\/wp-content\/plugins\/wpforms\/assets\/images\/submit-spin.svg\" class=\"wpforms-submit-spinner\" style=\"display: none;\" width=\"26\" height=\"26\" alt=\"Cargando\"><\/div><\/form><\/div>  <!-- .wpforms-container -->[\/vc_tta_section][vc_tta_section i_icon_fontawesome=&#8221;fa fa-solid fa-users&#8221; add_icon=&#8221;true&#8221; title=&#8221;Entrada presencial&#8221; tab_id=&#8221;presencial&#8221;]<style id=\"wpforms-css-vars-11474\">\n\t\t\t\t#wpforms-11474 {\n\t\t\t\t--wpforms-field-size-input-height: 43px;\n--wpforms-field-size-input-spacing: 15px;\n--wpforms-field-size-font-size: 16px;\n--wpforms-field-size-line-height: 19px;\n--wpforms-field-size-padding-h: 14px;\n--wpforms-field-size-checkbox-size: 16px;\n--wpforms-field-size-sublabel-spacing: 5px;\n--wpforms-field-size-icon-size: 1;\n--wpforms-label-size-font-size: 16px;\n--wpforms-label-size-line-height: 19px;\n--wpforms-label-size-sublabel-font-size: 14px;\n--wpforms-label-size-sublabel-line-height: 17px;\n--wpforms-button-size-font-size: 17px;\n--wpforms-button-size-height: 41px;\n--wpforms-button-size-padding-h: 15px;\n--wpforms-button-size-margin-top: 10px;\n--wpforms-container-shadow-size-box-shadow: none;\n\t\t\t}\n\t\t\t<\/style><div class=\"wpforms-container wpforms-container-full wpforms-stripe form-botiga wpforms-render-modern\" id=\"wpforms-11474\"><div class=\"wpforms-schedule-locked\" id=\"wpforms-locked-11474\"><div class=\"form-locked-message\"><p>Inscripcions presencials tancades. Podeu adquirir una entrada online <a href=\"https:\/\/itinere.eduvic.coop\/comprar-entrades-traumalab-2026\/#online\">aqu\u00ed<\/a>.<\/p>\n<p>Per qualsevol dubte, pots contactar amb nosaltres a <a href=\"mailto:comunicacio@eduvic.coop\">comunicacio@eduvic.coop<\/a><\/p>\n<\/div><\/div><\/div>  <!-- .wpforms-container -->[\/vc_tta_section][\/vc_tta_tabs][vc_empty_space height=&#8221;50px&#8221;][\/vc_column][\/vc_row][\/vc_section]<\/p>\n<\/div>","protected":false},"excerpt":{"rendered":"<p>[vc_section][vc_row][vc_column][vc_tta_tabs style=&#8221;modern&#8221; color=&#8221;white&#8221; active_section=&#8221;899&#8243; css_animation=&#8221;fadeIn&#8221;][vc_tta_section i_icon_fontawesome=&#8221;fa fa-solid fa-laptop&#8221; add_icon=&#8221;true&#8221; title=&#8221;Entrada online&#8221; tab_id=&#8221;online&#8221;][\/vc_tta_section][vc_tta_section i_icon_fontawesome=&#8221;fa fa-solid fa-users&#8221; add_icon=&#8221;true&#8221; title=&#8221;Entrada presencial&#8221; tab_id=&#8221;presencial&#8221;][\/vc_tta_section][\/vc_tta_tabs][vc_empty_space height=&#8221;50px&#8221;][\/vc_column][\/vc_row][\/vc_section]<\/p>\n","protected":false},"author":3,"featured_media":0,"parent":0,"menu_order":0,"comment_status":"closed","ping_status":"closed","template":"","meta":{"_acf_changed":false,"footnotes":""},"class_list":{"0":"post-11494","1":"page","2":"type-page","3":"status-publish","5":"infinite-scroll-item"},"acf":[],"yoast_head":"<!-- This site is optimized with the Yoast SEO plugin v27.4 - https:\/\/yoast.com\/product\/yoast-seo-wordpress\/ -->\n<title>Comprar entradas - TraumaLAB 2026 - EDUVIC \u00b7 Itinere<\/title>\n<meta name=\"robots\" content=\"noindex, follow\" \/>\n<meta property=\"og:locale\" content=\"es_ES\" \/>\n<meta property=\"og:type\" content=\"article\" \/>\n<meta property=\"og:title\" content=\"Comprar entradas - TraumaLAB 2026 - EDUVIC \u00b7 Itinere\" \/>\n<meta property=\"og:description\" content=\"[vc_section][vc_row][vc_column][vc_tta_tabs style=&#8221;modern&#8221; color=&#8221;white&#8221; active_section=&#8221;899&#8243; css_animation=&#8221;fadeIn&#8221;][vc_tta_section i_icon_fontawesome=&#8221;fa fa-solid fa-laptop&#8221; add_icon=&#8221;true&#8221; title=&#8221;Entrada online&#8221; tab_id=&#8221;online&#8221;][\/vc_tta_section][vc_tta_section i_icon_fontawesome=&#8221;fa fa-solid fa-users&#8221; add_icon=&#8221;true&#8221; title=&#8221;Entrada presencial&#8221; tab_id=&#8221;presencial&#8221;][\/vc_tta_section][\/vc_tta_tabs][vc_empty_space height=&#8221;50px&#8221;][\/vc_column][\/vc_row][\/vc_section]\" \/>\n<meta property=\"og:url\" content=\"https:\/\/itinere.eduvic.coop\/es\/comprar-entradas-traumalab-2026\/\" \/>\n<meta property=\"og:site_name\" content=\"EDUVIC \u00b7 Itinere\" \/>\n<meta property=\"article:modified_time\" content=\"2025-12-22T10:33:36+00:00\" \/>\n<meta name=\"twitter:card\" content=\"summary_large_image\" \/>\n<meta name=\"twitter:label1\" content=\"Tiempo de lectura\" \/>\n\t<meta name=\"twitter:data1\" content=\"1 minuto\" \/>\n<script type=\"application\/ld+json\" class=\"yoast-schema-graph\">{\"@context\":\"https:\\\/\\\/schema.org\",\"@graph\":[{\"@type\":\"WebPage\",\"@id\":\"https:\\\/\\\/itinere.eduvic.coop\\\/es\\\/comprar-entradas-traumalab-2026\\\/\",\"url\":\"https:\\\/\\\/itinere.eduvic.coop\\\/es\\\/comprar-entradas-traumalab-2026\\\/\",\"name\":\"Comprar entradas - TraumaLAB 2026 - EDUVIC \u00b7 Itinere\",\"isPartOf\":{\"@id\":\"https:\\\/\\\/itinere.eduvic.coop\\\/es\\\/#website\"},\"datePublished\":\"2023-04-13T15:53:27+00:00\",\"dateModified\":\"2025-12-22T10:33:36+00:00\",\"breadcrumb\":{\"@id\":\"https:\\\/\\\/itinere.eduvic.coop\\\/es\\\/comprar-entradas-traumalab-2026\\\/#breadcrumb\"},\"inLanguage\":\"es\",\"potentialAction\":[{\"@type\":\"ReadAction\",\"target\":[\"https:\\\/\\\/itinere.eduvic.coop\\\/es\\\/comprar-entradas-traumalab-2026\\\/\"]}]},{\"@type\":\"BreadcrumbList\",\"@id\":\"https:\\\/\\\/itinere.eduvic.coop\\\/es\\\/comprar-entradas-traumalab-2026\\\/#breadcrumb\",\"itemListElement\":[{\"@type\":\"ListItem\",\"position\":1,\"name\":\"Inici\",\"item\":\"https:\\\/\\\/itinere.eduvic.coop\\\/es\\\/\"},{\"@type\":\"ListItem\",\"position\":2,\"name\":\"Comprar entradas &#8211; TraumaLAB 2026\"}]},{\"@type\":\"WebSite\",\"@id\":\"https:\\\/\\\/itinere.eduvic.coop\\\/es\\\/#website\",\"url\":\"https:\\\/\\\/itinere.eduvic.coop\\\/es\\\/\",\"name\":\"EDUVIC \u00b7 Itinere\",\"description\":\"\",\"publisher\":{\"@id\":\"https:\\\/\\\/itinere.eduvic.coop\\\/es\\\/#organization\"},\"potentialAction\":[{\"@type\":\"SearchAction\",\"target\":{\"@type\":\"EntryPoint\",\"urlTemplate\":\"https:\\\/\\\/itinere.eduvic.coop\\\/es\\\/?s={search_term_string}\"},\"query-input\":{\"@type\":\"PropertyValueSpecification\",\"valueRequired\":true,\"valueName\":\"search_term_string\"}}],\"inLanguage\":\"es\"},{\"@type\":\"Organization\",\"@id\":\"https:\\\/\\\/itinere.eduvic.coop\\\/es\\\/#organization\",\"name\":\"EDUVIC \u00b7 Itinere\",\"url\":\"https:\\\/\\\/itinere.eduvic.coop\\\/es\\\/\",\"logo\":{\"@type\":\"ImageObject\",\"inLanguage\":\"es\",\"@id\":\"https:\\\/\\\/itinere.eduvic.coop\\\/es\\\/#\\\/schema\\\/logo\\\/image\\\/\",\"url\":\"https:\\\/\\\/itinere.eduvic.coop\\\/wp-content\\\/uploads\\\/2024\\\/04\\\/EDUVIC-ITINERE-2024.png\",\"contentUrl\":\"https:\\\/\\\/itinere.eduvic.coop\\\/wp-content\\\/uploads\\\/2024\\\/04\\\/EDUVIC-ITINERE-2024.png\",\"width\":5486,\"height\":2647,\"caption\":\"EDUVIC \u00b7 Itinere\"},\"image\":{\"@id\":\"https:\\\/\\\/itinere.eduvic.coop\\\/es\\\/#\\\/schema\\\/logo\\\/image\\\/\"},\"sameAs\":[\"https:\\\/\\\/www.instagram.com\\\/eduvic.itinere\\\/\",\"https:\\\/\\\/www.linkedin.com\\\/company\\\/82385485\\\/admin\\\/feed\\\/posts\\\/\"]}]}<\/script>\n<!-- \/ Yoast SEO plugin. -->","yoast_head_json":{"title":"Comprar entradas - TraumaLAB 2026 - EDUVIC \u00b7 Itinere","robots":{"index":"noindex","follow":"follow"},"og_locale":"es_ES","og_type":"article","og_title":"Comprar entradas - TraumaLAB 2026 - EDUVIC \u00b7 Itinere","og_description":"[vc_section][vc_row][vc_column][vc_tta_tabs style=&#8221;modern&#8221; color=&#8221;white&#8221; active_section=&#8221;899&#8243; css_animation=&#8221;fadeIn&#8221;][vc_tta_section i_icon_fontawesome=&#8221;fa fa-solid fa-laptop&#8221; add_icon=&#8221;true&#8221; title=&#8221;Entrada online&#8221; tab_id=&#8221;online&#8221;][\/vc_tta_section][vc_tta_section i_icon_fontawesome=&#8221;fa fa-solid fa-users&#8221; add_icon=&#8221;true&#8221; title=&#8221;Entrada presencial&#8221; tab_id=&#8221;presencial&#8221;][\/vc_tta_section][\/vc_tta_tabs][vc_empty_space height=&#8221;50px&#8221;][\/vc_column][\/vc_row][\/vc_section]","og_url":"https:\/\/itinere.eduvic.coop\/es\/comprar-entradas-traumalab-2026\/","og_site_name":"EDUVIC \u00b7 Itinere","article_modified_time":"2025-12-22T10:33:36+00:00","twitter_card":"summary_large_image","twitter_misc":{"Tiempo de lectura":"1 minuto"},"schema":{"@context":"https:\/\/schema.org","@graph":[{"@type":"WebPage","@id":"https:\/\/itinere.eduvic.coop\/es\/comprar-entradas-traumalab-2026\/","url":"https:\/\/itinere.eduvic.coop\/es\/comprar-entradas-traumalab-2026\/","name":"Comprar entradas - TraumaLAB 2026 - EDUVIC \u00b7 Itinere","isPartOf":{"@id":"https:\/\/itinere.eduvic.coop\/es\/#website"},"datePublished":"2023-04-13T15:53:27+00:00","dateModified":"2025-12-22T10:33:36+00:00","breadcrumb":{"@id":"https:\/\/itinere.eduvic.coop\/es\/comprar-entradas-traumalab-2026\/#breadcrumb"},"inLanguage":"es","potentialAction":[{"@type":"ReadAction","target":["https:\/\/itinere.eduvic.coop\/es\/comprar-entradas-traumalab-2026\/"]}]},{"@type":"BreadcrumbList","@id":"https:\/\/itinere.eduvic.coop\/es\/comprar-entradas-traumalab-2026\/#breadcrumb","itemListElement":[{"@type":"ListItem","position":1,"name":"Inici","item":"https:\/\/itinere.eduvic.coop\/es\/"},{"@type":"ListItem","position":2,"name":"Comprar entradas &#8211; TraumaLAB 2026"}]},{"@type":"WebSite","@id":"https:\/\/itinere.eduvic.coop\/es\/#website","url":"https:\/\/itinere.eduvic.coop\/es\/","name":"EDUVIC \u00b7 Itinere","description":"","publisher":{"@id":"https:\/\/itinere.eduvic.coop\/es\/#organization"},"potentialAction":[{"@type":"SearchAction","target":{"@type":"EntryPoint","urlTemplate":"https:\/\/itinere.eduvic.coop\/es\/?s={search_term_string}"},"query-input":{"@type":"PropertyValueSpecification","valueRequired":true,"valueName":"search_term_string"}}],"inLanguage":"es"},{"@type":"Organization","@id":"https:\/\/itinere.eduvic.coop\/es\/#organization","name":"EDUVIC \u00b7 Itinere","url":"https:\/\/itinere.eduvic.coop\/es\/","logo":{"@type":"ImageObject","inLanguage":"es","@id":"https:\/\/itinere.eduvic.coop\/es\/#\/schema\/logo\/image\/","url":"https:\/\/itinere.eduvic.coop\/wp-content\/uploads\/2024\/04\/EDUVIC-ITINERE-2024.png","contentUrl":"https:\/\/itinere.eduvic.coop\/wp-content\/uploads\/2024\/04\/EDUVIC-ITINERE-2024.png","width":5486,"height":2647,"caption":"EDUVIC \u00b7 Itinere"},"image":{"@id":"https:\/\/itinere.eduvic.coop\/es\/#\/schema\/logo\/image\/"},"sameAs":["https:\/\/www.instagram.com\/eduvic.itinere\/","https:\/\/www.linkedin.com\/company\/82385485\/admin\/feed\/posts\/"]}]}},"_links":{"self":[{"href":"https:\/\/itinere.eduvic.coop\/es\/wp-json\/wp\/v2\/pages\/11494","targetHints":{"allow":["GET"]}}],"collection":[{"href":"https:\/\/itinere.eduvic.coop\/es\/wp-json\/wp\/v2\/pages"}],"about":[{"href":"https:\/\/itinere.eduvic.coop\/es\/wp-json\/wp\/v2\/types\/page"}],"author":[{"embeddable":true,"href":"https:\/\/itinere.eduvic.coop\/es\/wp-json\/wp\/v2\/users\/3"}],"replies":[{"embeddable":true,"href":"https:\/\/itinere.eduvic.coop\/es\/wp-json\/wp\/v2\/comments?post=11494"}],"version-history":[{"count":1,"href":"https:\/\/itinere.eduvic.coop\/es\/wp-json\/wp\/v2\/pages\/11494\/revisions"}],"predecessor-version":[{"id":11495,"href":"https:\/\/itinere.eduvic.coop\/es\/wp-json\/wp\/v2\/pages\/11494\/revisions\/11495"}],"wp:attachment":[{"href":"https:\/\/itinere.eduvic.coop\/es\/wp-json\/wp\/v2\/media?parent=11494"}],"curies":[{"name":"wp","href":"https:\/\/api.w.org\/{rel}","templated":true}]}}